{"id":2739,"date":"2025-03-15T07:25:12","date_gmt":"2025-03-15T07:25:12","guid":{"rendered":"https:\/\/mmm.massageimaalov.dk\/?page_id=2739"},"modified":"2025-03-16T17:18:10","modified_gmt":"2025-03-16T17:18:10","slug":"lymfedraenage","status":"publish","type":"page","link":"https:\/\/mmm.massageimaalov.dk\/?page_id=2739","title":{"rendered":"Lymfedr\u00e6nage"},"content":{"rendered":"\n\n  <div class=\"banner has-hover\" id=\"banner-957919826\">\n          <div class=\"banner-inner fill\">\n        <div class=\"banner-bg fill\" >\n                                                \n                    <\/div>\n\t\t\n        <div class=\"banner-layers container\">\n            <div class=\"fill banner-link\"><\/div>            \n\n   <div id=\"text-box-544628390\" class=\"text-box banner-layer x50 md-x50 lg-x50 y50 md-y50 lg-y50 res-text\">\n                                <div class=\"text-box-content text dark\">\n              \n              <div class=\"text-inner text-center\">\n                  \n\n\t<div id=\"text-884736453\" class=\"text\">\n\t\t\n\n<div class=\"uppercase\"><strong>Lymfedr\u00e6nage<\/strong><\/div>\n\t\t\n<style>\n#text-884736453 {\n  font-size: 1.55rem;\n}\n@media (min-width:550px) {\n  #text-884736453 {\n    font-size: 3.5rem;\n  }\n}\n<\/style>\n\t<\/div>\n\t\n\n              <\/div>\n           <\/div>\n                            \n<style>\n#text-box-544628390 {\n  width: 60%;\n}\n#text-box-544628390 .text-box-content {\n  font-size: 100%;\n}\n<\/style>\n    <\/div>\n \n\n        <\/div>\n      <\/div>\n\n            \n<style>\n#banner-957919826 {\n  padding-top: 125px;\n}\n@media (min-width:550px) {\n  #banner-957919826 {\n    padding-top: 300px;\n  }\n}\n<\/style>\n  <\/div>\n\n\n\n\t<section class=\"section\" id=\"section_1637330066\">\n\t\t<div class=\"section-bg fill\" >\n\t\t\t\t\t\t\t\t\t\n\t\t\t\n\n\t\t<\/div>\n\n\t\t\n\n\t\t<div class=\"section-content relative\">\n\t\t\t\n\n<div class=\"row row-full-width\"  id=\"row-127196414\">\n\n\n\t<div id=\"col-1297616934\" class=\"col hide-for-small medium-1 small-12 large-1\"  >\n\t\t\t\t<div class=\"col-inner\"  >\n\t\t\t\n\t\t\t\n\n\n\t\t<\/div>\n\t\t\t\t\t<\/div>\n\n\t\n\n\t<div id=\"col-2049033701\" class=\"col medium-10 small-12 large-10\"  >\n\t\t\t\t<div class=\"col-inner\" style=\"background-color:rgb(255, 255, 255);\" >\n\t\t\t\n\t\t\t\n\n\t<div id=\"text-2808115365\" class=\"text col-padding-left-right-top col-padding-bottom\">\n\t\t\n\n<p class=\"p1 uppercase\"><b>90 Minutters Lymfedr\u00e6nage mod H\u00e6velser og \u00d8demer<\/b><\/p>\n<p class=\"p1\">H\u00e6velser og \u00f8demer opst\u00e5r, n\u00e5r overskydende v\u00e6ske ophober sig i kroppens v\u00e6v. Dette ses ofte i omr\u00e5der, hvor v\u00e6sken kan samle sig og skabe en f\u00f8lelse af sp\u00e6nding, \u00f8mhed og tyngde. \u00c5rsagerne kan variere fra l\u00e6ngere tids stillesiddende eller st\u00e5ende arbejde til mere komplekse forhold som kredsl\u00f8bsproblemer, lymf\u00f8dem eller inflammation. \u00d8dem kan ogs\u00e5 opst\u00e5 som en senf\u00f8lge af kr\u00e6ftbehandling, s\u00e6rligt hvis lymfeknuder er blevet fjernet eller beskadiget under operation eller str\u00e5lebehandling. N\u00e5r lymfesystemet ikke fungerer optimalt, kan v\u00e6ske ophobe sig i v\u00e6vet, hvilket kan f\u00f8re til h\u00e6velse og nedsat bev\u00e6gelighed.<\/p>\n<p class=\"p1\">Lymfedr\u00e6nage er en specialiseret massageform, der med blide, rytmiske bev\u00e6gelser stimulerer lymfesystemet og hj\u00e6lper kroppen med at transportere overskydende v\u00e6ske v\u00e6k fra de ber\u00f8rte omr\u00e5der. Behandlingen reducerer ikke blot h\u00e6velse, men lindrer ogs\u00e5 \u00f8mhed og sp\u00e6ndinger i muskler og v\u00e6v.<\/p>\n<p class=\"p1\"><b>Lymfedr\u00e6nage anvendes til at:<\/b><br \/><span class=\"s1\">\u2714<\/span> Reducere v\u00e6skeansamlinger i kroppen, hvor ophobning skaber ubehag<br \/><span class=\"s1\">\u2714<\/span> Stimulere lymfestr\u00f8mmen og genoprette v\u00e6skebalancen<br \/><span class=\"s1\">\u2714<\/span> Lindre ubehag, sp\u00e6ndinger og tr\u00e6thed for\u00e5rsaget af h\u00e6velse<br \/><span class=\"s1\">\u2714<\/span> Underst\u00f8tte blodcirkulationen og kroppens naturlige udrensningsproces<br \/><span class=\"s1\">\u2714<\/span> Afhj\u00e6lpe lymf\u00f8dem, herunder som f\u00f8lge af kr\u00e6ftbehandling og fjernelse af lymfeknuder<\/p>\n<p class=\"p1\">Behandlingen begynder med en kort stimulerende sekvens for at aktivere lymfesystemet, hvorefter fokus rettes mod de omr\u00e5der, hvor v\u00e6skeophobningen er mest udtalt. De blide, cirkul\u00e6re bev\u00e6gelser og langsomme tryk hj\u00e6lper med at f\u00f8re v\u00e6sken tilbage til blodbanen, hvor kroppen naturligt kan udskille affaldsstoffer.<\/p>\n<p class=\"p1\">Den 90 minutter lange session giver mulighed for at arbejde i dybden med de omr\u00e5der, hvor h\u00e6velserne m\u00e6rkes mest. Behandlingen er s\u00e6rligt velegnet til personer, der oplever v\u00e6skeophobninger som f\u00f8lge af stillesiddende eller st\u00e5ende arbejde, hormonelle forandringer, kirurgiske indgreb eller senf\u00f8lger efter kr\u00e6ftbehandling.<\/p>\n<p class=\"p1\">Lymfedr\u00e6nage er en sk\u00e5nsom og effektiv metode til at reducere h\u00e6velser og genoprette kroppens naturlige balance.<\/p>\n\n\t\t\t<\/div>\n\t\n\n\t\t<\/div>\n\t\t\t\t\t<\/div>\n\n\t\n\n\t<div id=\"col-1022775068\" class=\"col hide-for-small medium-1 small-12 large-1\"  >\n\t\t\t\t<div class=\"col-inner\"  >\n\t\t\t\n\t\t\t\n\n\n\t\t<\/div>\n\t\t\t\t\t<\/div>\n\n\t\n\n<\/div>\n<div class=\"row row-full-width align-center\"  id=\"row-1975505978\">\n\n\n\t<div id=\"col-61248754\" class=\"col medium-10 small-12 large-10\"  >\n\t\t\t\t<div class=\"col-inner text-center\" style=\"background-color:rgb(255,255,255);\" >\n\t\t\t\n\t\t\t\n\n<a href=\"\/?page_id=108\" class=\"button primary\"  >\n\t\t<span>Book her<\/span>\n\t<\/a>\n\n\n\n\t\t<\/div>\n\t\t\t\t\n<style>\n#col-61248754 > .col-inner {\n  margin: -30px 0px 0px 0px;\n}\n<\/style>\n\t<\/div>\n\n\t\n\n<\/div>\n\n\t\t<\/div>\n\n\t\t\n<style>\n#section_1637330066 {\n  padding-top: 30px;\n  padding-bottom: 30px;\n  background-color: rgb(229, 152, 84);\n}\n<\/style>\n\t<\/section>\n\t\n\n","protected":false},"excerpt":{"rendered":"","protected":false},"author":5,"featured_media":0,"parent":0,"menu_order":0,"comment_status":"closed","ping_status":"closed","template":"page-blank.php","meta":{"footnotes":""},"class_list":["post-2739","page","type-page","status-publish","hentry"],"_links":{"self":[{"href":"https:\/\/mmm.massageimaalov.dk\/index.php?rest_route=\/wp\/v2\/pages\/2739","targetHints":{"allow":["GET"]}}],"collection":[{"href":"https:\/\/mmm.massageimaalov.dk\/index.php?rest_route=\/wp\/v2\/pages"}],"about":[{"href":"https:\/\/mmm.massageimaalov.dk\/index.php?rest_route=\/wp\/v2\/types\/page"}],"author":[{"embeddable":true,"href":"https:\/\/mmm.massageimaalov.dk\/index.php?rest_route=\/wp\/v2\/users\/5"}],"replies":[{"embeddable":true,"href":"https:\/\/mmm.massageimaalov.dk\/index.php?rest_route=%2Fwp%2Fv2%2Fcomments&post=2739"}],"version-history":[{"count":4,"href":"https:\/\/mmm.massageimaalov.dk\/index.php?rest_route=\/wp\/v2\/pages\/2739\/revisions"}],"predecessor-version":[{"id":2810,"href":"https:\/\/mmm.massageimaalov.dk\/index.php?rest_route=\/wp\/v2\/pages\/2739\/revisions\/2810"}],"wp:attachment":[{"href":"https:\/\/mmm.massageimaalov.dk\/index.php?rest_route=%2Fwp%2Fv2%2Fmedia&parent=2739"}],"curies":[{"name":"wp","href":"https:\/\/api.w.org\/{rel}","templated":true}]}}