{"id":2687,"date":"2025-03-10T15:00:23","date_gmt":"2025-03-10T15:00:23","guid":{"rendered":"https:\/\/mmm.massageimaalov.dk\/?page_id=2687"},"modified":"2025-03-16T16:55:58","modified_gmt":"2025-03-16T16:55:58","slug":"fysiurgisk-massage","status":"publish","type":"page","link":"https:\/\/mmm.massageimaalov.dk\/?page_id=2687","title":{"rendered":"Fysiurgisk massage"},"content":{"rendered":"\n\n  <div class=\"banner has-hover\" id=\"banner-1386031247\">\n          <div class=\"banner-inner fill\">\n        <div class=\"banner-bg fill\" >\n                                                \n                    <\/div>\n\t\t\n        <div class=\"banner-layers container\">\n            <div class=\"fill banner-link\"><\/div>            \n\n   <div id=\"text-box-1924910903\" class=\"text-box banner-layer x50 md-x50 lg-x50 y50 md-y50 lg-y50 res-text\">\n                                <div class=\"text-box-content text dark\">\n              \n              <div class=\"text-inner text-center\">\n                  \n\n\t<div id=\"text-1582762147\" class=\"text\">\n\t\t\n\n<div class=\"uppercase\">\n<strong>Fysiurgisk massage<\/strong>\n<\/div>\n\t\t\n<style>\n#text-1582762147 {\n  font-size: 1.55rem;\n}\n@media (min-width:550px) {\n  #text-1582762147 {\n    font-size: 3.5rem;\n  }\n}\n<\/style>\n\t<\/div>\n\t\n\n              <\/div>\n           <\/div>\n                            \n<style>\n#text-box-1924910903 {\n  width: 60%;\n}\n#text-box-1924910903 .text-box-content {\n  font-size: 100%;\n}\n<\/style>\n    <\/div>\n \n\n        <\/div>\n      <\/div>\n\n            \n<style>\n#banner-1386031247 {\n  padding-top: 125px;\n}\n@media (min-width:550px) {\n  #banner-1386031247 {\n    padding-top: 300px;\n  }\n}\n<\/style>\n  <\/div>\n\n\n\n\t<section class=\"section\" id=\"section_1041530602\">\n\t\t<div class=\"section-bg fill\" >\n\t\t\t\t\t\t\t\t\t\n\t\t\t\n\n\t\t<\/div>\n\n\t\t\n\n\t\t<div class=\"section-content relative\">\n\t\t\t\n\n<div class=\"row row-full-width\"  id=\"row-586160929\">\n\n\n\t<div id=\"col-1478821659\" class=\"col medium-1 small-12 large-1\"  >\n\t\t\t\t<div class=\"col-inner\"  >\n\t\t\t\n\t\t\t\n\n\n\t\t<\/div>\n\t\t\t\t\t<\/div>\n\n\t\n\n\t<div id=\"col-542385193\" class=\"col medium-10 small-12 large-10\"  >\n\t\t\t\t<div class=\"col-inner\" style=\"background-color:rgb(255,255,255);\" >\n\t\t\t\n\t\t\t\n\n\t<div id=\"text-2660298850\" class=\"text col-padding-left-right-top\">\n\t\t\n\n<p><strong>Fysiurgisk massage<\/strong> er en dybdeg\u00e5ende massageform, som fokuserer p\u00e5 kroppens muskler og bev\u00e6geapparat. Her arbejder jeg direkte p\u00e5 muskler, sener og led for at lindre sp\u00e6ndinger, \u00f8ge blodcirkulationen og forbedre kroppens bev\u00e6gelighed.<\/p>\n<p><br \/>Behandlingen bruges til at:<\/p>\n<ul>\n<li>L\u00f8sne muskelsp\u00e6ndinger<\/li>\n<li>Behandle skader eller smerter<\/li>\n<li>Forebygge muskelskader<\/li>\n<li>Forbedre kroppens fleksibilitet<\/li>\n<li>Mindske stress og \u00f8ge velv\u00e6re<\/li>\n<\/ul>\n<p><br \/>Jeg tilpasser behandlingen til dit individuelle behov, herunder smerter fra fx sportsskader, kontorarbejde eller kroniske muskelsp\u00e6ndinger.<br \/>Fysiurgisk massage arbejder i dybden med muskler og v\u00e6v for at lindre sp\u00e6ndinger, forbedre bev\u00e6geligheden og fremme restitution. I mods\u00e6tning til en almindelig velv\u00e6remassage fokuserer fysiurgisk massage p\u00e5 at afhj\u00e6lpe muskul\u00e6re ubalancer og sp\u00e6ndinger, hvilket kan reducere smerter og forebygge skader.<br \/>Teknikkerne tilpasses individuelt og kan omfatte dybdeg\u00e5ende tryk, str\u00e6k, ledmobilisering og triggerpunktsbehandling. Denne tilgang g\u00f8r det muligt at behandle specifikke problemomr\u00e5der og skabe langtidsholdbare resultater.<br \/>Fysiurgisk massage er ideel til dig, der lider af muskelsp\u00e6ndinger, skader eller blot \u00f8nsker en mere effektiv behandling, der g\u00e5r i dybden. Jeg tilpasser behandlingen, s\u00e5 den passer til dine behov og hj\u00e6lper dig med at opn\u00e5 en forbedret kropslig balance og velv\u00e6re.<\/p>\n\t\t\t<\/div>\n\t\n<div class=\"row\"  id=\"row-1671736865\">\n\n\n\t<div id=\"col-1298587302\" class=\"col small-12 large-12\"  >\n\t\t\t\t<div class=\"col-inner text-center\"  >\n\t\t\t\n\t\t\t\n\n<a href=\"\/?page_id=180\" class=\"button primary is-small\"  >\n\t\t<span>Book her<\/span>\n\t<\/a>\n\n\n\n\t\t<\/div>\n\t\t\t\t\t<\/div>\n\n\t\n\n<\/div>\n\n\t\t<\/div>\n\t\t\t\t\t<\/div>\n\n\t\n\n\t<div id=\"col-1822154522\" class=\"col medium-1 small-12 large-1\"  >\n\t\t\t\t<div class=\"col-inner\"  >\n\t\t\t\n\t\t\t\n\n\n\t\t<\/div>\n\t\t\t\t\t<\/div>\n\n\t\n\n<\/div>\n<div class=\"row row-full-width align-center\"  id=\"row-1652410226\">\n\n\n<\/div>\n\n\t\t<\/div>\n\n\t\t\n<style>\n#section_1041530602 {\n  padding-top: 30px;\n  padding-bottom: 30px;\n  background-color: rgb(229, 152, 84);\n}\n<\/style>\n\t<\/section>\n\t\n\n","protected":false},"excerpt":{"rendered":"","protected":false},"author":5,"featured_media":0,"parent":0,"menu_order":0,"comment_status":"closed","ping_status":"closed","template":"page-blank.php","meta":{"footnotes":""},"class_list":["post-2687","page","type-page","status-publish","hentry"],"_links":{"self":[{"href":"https:\/\/mmm.massageimaalov.dk\/index.php?rest_route=\/wp\/v2\/pages\/2687","targetHints":{"allow":["GET"]}}],"collection":[{"href":"https:\/\/mmm.massageimaalov.dk\/index.php?rest_route=\/wp\/v2\/pages"}],"about":[{"href":"https:\/\/mmm.massageimaalov.dk\/index.php?rest_route=\/wp\/v2\/types\/page"}],"author":[{"embeddable":true,"href":"https:\/\/mmm.massageimaalov.dk\/index.php?rest_route=\/wp\/v2\/users\/5"}],"replies":[{"embeddable":true,"href":"https:\/\/mmm.massageimaalov.dk\/index.php?rest_route=%2Fwp%2Fv2%2Fcomments&post=2687"}],"version-history":[{"count":4,"href":"https:\/\/mmm.massageimaalov.dk\/index.php?rest_route=\/wp\/v2\/pages\/2687\/revisions"}],"predecessor-version":[{"id":2801,"href":"https:\/\/mmm.massageimaalov.dk\/index.php?rest_route=\/wp\/v2\/pages\/2687\/revisions\/2801"}],"wp:attachment":[{"href":"https:\/\/mmm.massageimaalov.dk\/index.php?rest_route=%2Fwp%2Fv2%2Fmedia&parent=2687"}],"curies":[{"name":"wp","href":"https:\/\/api.w.org\/{rel}","templated":true}]}}