{"id":2678,"date":"2025-03-10T14:10:52","date_gmt":"2025-03-10T14:10:52","guid":{"rendered":"https:\/\/mmm.massageimaalov.dk\/?page_id=2678"},"modified":"2025-03-16T18:24:23","modified_gmt":"2025-03-16T18:24:23","slug":"velvaere-massage","status":"publish","type":"page","link":"https:\/\/mmm.massageimaalov.dk\/?page_id=2678","title":{"rendered":"Velv\u00e6re massage"},"content":{"rendered":"\n\n  <div class=\"banner has-hover\" id=\"banner-1249751283\">\n          <div class=\"banner-inner fill\">\n        <div class=\"banner-bg fill\" >\n                                                \n                    <\/div>\n\t\t\n        <div class=\"banner-layers container\">\n            <div class=\"fill banner-link\"><\/div>            \n\n   <div id=\"text-box-1061031995\" class=\"text-box banner-layer x50 md-x50 lg-x50 y50 md-y50 lg-y50 res-text\">\n                                <div class=\"text-box-content text dark\">\n              \n              <div class=\"text-inner text-center\">\n                  \n\n\t<div id=\"text-2432016477\" class=\"text\">\n\t\t\n\n<div class=\"uppercase\">\n<strong>Velv\u00e6re massage<\/strong>\n<\/div>\n\t\t\n<style>\n#text-2432016477 {\n  font-size: 1.55rem;\n}\n@media (min-width:550px) {\n  #text-2432016477 {\n    font-size: 3.5rem;\n  }\n}\n<\/style>\n\t<\/div>\n\t\n\n              <\/div>\n           <\/div>\n                            \n<style>\n#text-box-1061031995 {\n  width: 60%;\n}\n#text-box-1061031995 .text-box-content {\n  font-size: 100%;\n}\n<\/style>\n    <\/div>\n \n\n        <\/div>\n      <\/div>\n\n            \n<style>\n#banner-1249751283 {\n  padding-top: 125px;\n}\n@media (min-width:550px) {\n  #banner-1249751283 {\n    padding-top: 300px;\n  }\n}\n<\/style>\n  <\/div>\n\n\n\n\t<section class=\"section\" id=\"section_779608742\">\n\t\t<div class=\"section-bg fill\" >\n\t\t\t\t\t\t\t\t\t\n\t\t\t\n\n\t\t<\/div>\n\n\t\t\n\n\t\t<div class=\"section-content relative\">\n\t\t\t\n\n<div class=\"row row-full-width\"  id=\"row-1886833378\">\n\n\n\t<div id=\"col-794451131\" class=\"col hide-for-small medium-1 small-12 large-1\"  >\n\t\t\t\t<div class=\"col-inner\"  >\n\t\t\t\n\t\t\t\n\n\n\t\t<\/div>\n\t\t\t\t\t<\/div>\n\n\t\n\n\t<div id=\"col-1394403298\" class=\"col medium-10 small-12 large-10\"  >\n\t\t\t\t<div class=\"col-inner\" style=\"background-color:rgb(255,255,255);\" >\n\t\t\t\n\t\t\t\n\n\t<div id=\"text-4129434440\" class=\"text col-padding-left-right-top\">\n\t\t\n\n<h3 class=\"uppercase\">Afslappende velv\u00e6remassage<\/h3>\n<p>Velv\u00e6re massage er en blid og afslappende massageform, der har til form\u00e5l at reducere stress, skabe fysisk og mental velv\u00e6re samt forbedre kroppens generelle sundhed. Her er nogle situationer, hvor velv\u00e6re massage kan anvendes:<\/p>\n<p><strong>Afslapning og stressreduktion:<\/strong><br \/>Mental tr\u00e6thed, uro, stress, s\u00f8vnbesv\u00e6r og sp\u00e6ndingshovedpine.<\/p>\n<p><strong>Generel kropslig velv\u00e6re:<br \/><\/strong>Muskelsp\u00e6ndinger, \u00f8mme muskler, tr\u00e6thed og nedsat energiniveau.<\/p>\n<p><strong>Forebyggelse af skader og overbelastning:<br \/><\/strong>Forebyggelse af muskelsp\u00e6ndinger ved stillesiddende arbejde, ensidige bev\u00e6gelser og fysisk inaktivitet.<\/p>\n<p><strong>Mental og f\u00f8lelsesm\u00e6ssig balance:<br \/><\/strong>Fremme af indre ro, bedre s\u00f8vnkvalitet og reduktion af angst og bekymring.<\/p>\n<p><strong>Massageens effekter:<\/strong><br \/>Virker beroligende og smertelindrende ved at l\u00f8sne op for lette sp\u00e6ndinger og stivhed i kroppen. Den blide ber\u00f8ring \u00f8ger produktionen af endorfiner, som giver en f\u00f8lelse af velv\u00e6re og reducerer stress. Mange oplever, at b\u00e5de mentale og fysiske sp\u00e6ndinger mindskes efter en velv\u00e6re massage.<\/p>\n<p>Ved daglig stress og belastning kan kroppen blive ansp\u00e6ndt og ude af balance. Velv\u00e6re massage hj\u00e6lper med at normalisere kroppens sp\u00e6ndingsniveau og genoprette ro og balance i b\u00e5de krop og sind. Dette bidrager til en forbedret kropsholdning og st\u00f8rre bev\u00e6gelsesfrihed i hverdagen.<\/p>\n<p>Stimulerer blodcirkulationen og lymfesystemet, hvilket hj\u00e6lper kroppen med at udskille affaldsstoffer og tilf\u00f8re ilt og n\u00e6ringsstoffer til v\u00e6vet. Dette styrker kroppens naturlige immunforsvar og bidrager til bedre fysisk og mental modstandskraft mod stress og overbelastning.<\/p>\n<p>Den blide massage stimulerer kroppens parasympatiske nervesystem, hvilket fremmer afslapning og restitution. Det forbedrer kroppens evne til at komme sig efter fysisk og mental stress, hvilket kan f\u00f8re til en dybere f\u00f8lelse af ro og afslapning, som varer l\u00e6nge efter behandlingen er afsluttet.<\/p>\n<p><strong>Hvor ofte skal man behandles?<\/strong> Behandlingsfrekvensen for velv\u00e6re massage afh\u00e6nger af personlige behov og livsstil. Mange v\u00e6lger at f\u00e5 en massage en gang om m\u00e5neden for at vedligeholde f\u00f8lelsen af velv\u00e6re og afslapning. Ved h\u00f8j stress eller s\u00e6rligt \u00f8mme muskler kan hyppigere behandlinger, fx en gang om ugen, anbefales.<\/p>\n<p>En typisk velv\u00e6re massage varer 60 minutter og kan tilpasses individuelle behov. Massagen er blid, og der er ingen bivirkninger, men man kan opleve en behagelig f\u00f8lelse af tr\u00e6thed og afslapning bagefter, hvilket er normalt.<\/p>\n<p><strong>G\u00f8r det ondt?<\/strong> Velv\u00e6re massage er en blid og behagelig behandling, som ikke b\u00f8r g\u00f8re ondt. Den fokuserer p\u00e5 afslapning og komfort, og jeg tilpasser altid trykket til, hvad der f\u00f8les bedst for dig. Det er en smertefri oplevelse, der ofte efterlader en f\u00f8lelse af dyb ro og afslapning.<\/p>\n\n\t\t\t<\/div>\n\t\n<div class=\"row\"  id=\"row-592645017\">\n\n\n\t<div id=\"col-2057295382\" class=\"col small-12 large-12\"  >\n\t\t\t\t<div class=\"col-inner text-center\"  >\n\t\t\t\n\t\t\t\n\n<a href=\"\/?page_id=108\" class=\"button primary is-small\"  >\n\t\t<span>Book her<\/span>\n\t<\/a>\n\n\n\n\t\t<\/div>\n\t\t\t\t\t<\/div>\n\n\t\n\n<\/div>\n\n\t\t<\/div>\n\t\t\t\t\t<\/div>\n\n\t\n\n\t<div id=\"col-246474841\" class=\"col hide-for-small medium-1 small-12 large-1\"  >\n\t\t\t\t<div class=\"col-inner\"  >\n\t\t\t\n\t\t\t\n\n\n\t\t<\/div>\n\t\t\t\t\t<\/div>\n\n\t\n\n<\/div>\n<div class=\"row row-full-width align-center hide-for-small\"  id=\"row-1933381243\">\n\n\n<\/div>\n\n\t\t<\/div>\n\n\t\t\n<style>\n#section_779608742 {\n  padding-top: 30px;\n  padding-bottom: 30px;\n  background-color: rgb(229, 152, 84);\n}\n<\/style>\n\t<\/section>\n\t\n\n","protected":false},"excerpt":{"rendered":"","protected":false},"author":5,"featured_media":0,"parent":0,"menu_order":0,"comment_status":"closed","ping_status":"closed","template":"page-blank.php","meta":{"footnotes":""},"class_list":["post-2678","page","type-page","status-publish","hentry"],"_links":{"self":[{"href":"https:\/\/mmm.massageimaalov.dk\/index.php?rest_route=\/wp\/v2\/pages\/2678","targetHints":{"allow":["GET"]}}],"collection":[{"href":"https:\/\/mmm.massageimaalov.dk\/index.php?rest_route=\/wp\/v2\/pages"}],"about":[{"href":"https:\/\/mmm.massageimaalov.dk\/index.php?rest_route=\/wp\/v2\/types\/page"}],"author":[{"embeddable":true,"href":"https:\/\/mmm.massageimaalov.dk\/index.php?rest_route=\/wp\/v2\/users\/5"}],"replies":[{"embeddable":true,"href":"https:\/\/mmm.massageimaalov.dk\/index.php?rest_route=%2Fwp%2Fv2%2Fcomments&post=2678"}],"version-history":[{"count":9,"href":"https:\/\/mmm.massageimaalov.dk\/index.php?rest_route=\/wp\/v2\/pages\/2678\/revisions"}],"predecessor-version":[{"id":2823,"href":"https:\/\/mmm.massageimaalov.dk\/index.php?rest_route=\/wp\/v2\/pages\/2678\/revisions\/2823"}],"wp:attachment":[{"href":"https:\/\/mmm.massageimaalov.dk\/index.php?rest_route=%2Fwp%2Fv2%2Fmedia&parent=2678"}],"curies":[{"name":"wp","href":"https:\/\/api.w.org\/{rel}","templated":true}]}}