{"id":2613,"date":"2025-03-09T12:23:53","date_gmt":"2025-03-09T12:23:53","guid":{"rendered":"https:\/\/mmm.massageimaalov.dk\/?page_id=2613"},"modified":"2025-03-16T10:22:40","modified_gmt":"2025-03-16T10:22:40","slug":"om-mmm","status":"publish","type":"page","link":"https:\/\/mmm.massageimaalov.dk\/?page_id=2613","title":{"rendered":"OM &#8211; mmm"},"content":{"rendered":"\n\n  <div class=\"banner has-hover\" id=\"banner-1692702595\">\n          <div class=\"banner-inner fill\">\n        <div class=\"banner-bg fill\" >\n                                                \n                    <\/div>\n\t\t\n        <div class=\"banner-layers container\">\n            <div class=\"fill banner-link\"><\/div>            \n\n   <div id=\"text-box-1131219644\" class=\"text-box banner-layer x50 md-x50 lg-x50 y50 md-y50 lg-y50 res-text\">\n                                <div class=\"text-box-content text dark\">\n              \n              <div class=\"text-inner text-center\">\n                  \n\n\t<div id=\"text-3405517399\" class=\"text\">\n\t\t\n\n<div class=\"uppercase\"><strong><\/p>\n<p>OM<\/strong><\/div>\n\t\t\n<style>\n#text-3405517399 {\n  font-size: 1.55rem;\n}\n@media (min-width:550px) {\n  #text-3405517399 {\n    font-size: 3.5rem;\n  }\n}\n<\/style>\n\t<\/div>\n\t\n\n              <\/div>\n           <\/div>\n                            \n<style>\n#text-box-1131219644 {\n  width: 60%;\n}\n#text-box-1131219644 .text-box-content {\n  font-size: 100%;\n}\n<\/style>\n    <\/div>\n \n\n        <\/div>\n      <\/div>\n\n            \n<style>\n#banner-1692702595 {\n  padding-top: 125px;\n}\n@media (min-width:550px) {\n  #banner-1692702595 {\n    padding-top: 300px;\n  }\n}\n<\/style>\n  <\/div>\n\n\n\n\t<section class=\"section\" id=\"section_365923467\">\n\t\t<div class=\"section-bg fill\" >\n\t\t\t\t\t\t\t\t\t\n\t\t\t\n\n\t\t<\/div>\n\n\t\t\n\n\t\t<div class=\"section-content relative\">\n\t\t\t\n\n<div class=\"row row-full-width\"  id=\"row-1976361686\">\n\n\n\t<div id=\"col-1802506332\" class=\"col hide-for-small medium-1 small-12 large-1\"  >\n\t\t\t\t<div class=\"col-inner\"  >\n\t\t\t\n\t\t\t\n\n\n\t\t<\/div>\n\t\t\t\t\t<\/div>\n\n\t\n\n\t<div id=\"col-989017581\" class=\"col medium-10 small-12 large-10\"  >\n\t\t\t\t<div class=\"col-inner\" style=\"background-color:rgb(255,255,255);\" >\n\t\t\t\n\t\t\t\n\n<div class=\"row row-full-width\"  id=\"row-816701424\">\n\n\n\t<div id=\"col-2130546696\" class=\"col col-padding-left-right-top show-for-medium medium-6 small-12 large-6\"  >\n\t\t\t\t<div class=\"col-inner\"  >\n\t\t\t\n\t\t\t\n\n\t<div class=\"img has-hover x md-x lg-x y md-y lg-y\" id=\"image_1790948318\">\n\t\t\t\t\t\t\t\t<div class=\"img-inner image-cover dark\" style=\"padding-top:130%;margin:0px 0px -50px 0px;\">\n\t\t\t<img loading=\"lazy\" decoding=\"async\" width=\"1000\" height=\"1500\" src=\"https:\/\/mmm.massageimaalov.dk\/wp-content\/uploads\/2025\/03\/Design-uden-navn.jpg\" class=\"attachment-original size-original\" alt=\"\" srcset=\"https:\/\/mmm.massageimaalov.dk\/wp-content\/uploads\/2025\/03\/Design-uden-navn.jpg 1000w, https:\/\/mmm.massageimaalov.dk\/wp-content\/uploads\/2025\/03\/Design-uden-navn-200x300.jpg 200w, https:\/\/mmm.massageimaalov.dk\/wp-content\/uploads\/2025\/03\/Design-uden-navn-683x1024.jpg 683w, https:\/\/mmm.massageimaalov.dk\/wp-content\/uploads\/2025\/03\/Design-uden-navn-768x1152.jpg 768w\" sizes=\"auto, (max-width: 1000px) 100vw, 1000px\" \/>\t\t\t\t\t\t\n\t\t\t\t\t<\/div>\n\t\t\t\t\t\t\t\t\n<style>\n#image_1790948318 {\n  width: 84%;\n}\n@media (min-width:550px) {\n  #image_1790948318 {\n    width: 100%;\n  }\n}\n<\/style>\n\t<\/div>\n\t\n\n\n\t\t<\/div>\n\t\t\t\t\n<style>\n#col-2130546696 > .col-inner {\n  margin: -20px 0px 0px 0px;\n}\n<\/style>\n\t<\/div>\n\n\t\n\n\t<div id=\"col-134971244\" class=\"col medium-6 small-12 large-6\"  >\n\t\t\t\t<div class=\"col-inner\"  >\n\t\t\t\n\t\t\t\n\n\t<div id=\"text-1952843481\" class=\"text col-padding-left-right-top\">\n\t\t\n\n<h3><strong>Om mig<\/strong><\/h3>\n<p>Mit navn er Tina Bangs\u00f8. Jeg har arbejdet som mass\u00f8r siden 2006 og har opbygget en bred erfaring inden for en lang r\u00e6kke massageformer og behandlingsteknikker. Min passion for kroppens funktion og velv\u00e6re har v\u00e6ret drivkraften bag mit arbejde, og jeg har l\u00f8bende videreuddannet mig for at kunne tilbyde den bedst mulige behandling til mine kunder. I 2017 tog jeg en kropsbehandlingsuddannelse, som har givet mig en dybere forst\u00e5else for kroppens anatomi og funktion, samt hvordan man bedst behandler og lindrer muskelproblemer, sp\u00e6ndinger og ubalancer.<\/p>\n<p>Jeg driver ogs\u00e5 M\u00e5l\u00f8v Muskel Massage i M\u00e5l\u00f8v, hvor jeg tilbyder skr\u00e6ddersyede behandlinger, der tilpasses hver enkelt klients behov. Jeg har erfaring med alt fra velv\u00e6re og smertelindring til behandling af sportsrelaterede skader og sp\u00e6ndinger. Min tilgang er at fokusere p\u00e5 at lindre langvarige smerter, forbedre mobilitet og optimere livskvaliteten. Uanset hvilken type behandling du s\u00f8ger, er mit m\u00e5l altid at hj\u00e6lpe dig med at opn\u00e5 en bedre og sundere tilstand.<\/p>\n\t\t\t<\/div>\n\t\n\n\t\t<\/div>\n\t\t\t\t\t<\/div>\n\n\t\n\n\t<div id=\"col-1525849540\" class=\"col col-padding-left-right-top hide-for-small medium-6 small-12 large-6\"  >\n\t\t\t\t<div class=\"col-inner\"  >\n\t\t\t\n\t\t\t\n\n\t<div class=\"img has-hover x md-x lg-x y md-y lg-y\" id=\"image_1970026106\">\n\t\t\t\t\t\t\t\t<div class=\"img-inner image-cover dark\" style=\"padding-top:170%;margin:0px 0px 0px 0px;\">\n\t\t\t<img loading=\"lazy\" decoding=\"async\" width=\"1000\" height=\"1500\" src=\"https:\/\/mmm.massageimaalov.dk\/wp-content\/uploads\/2025\/03\/Design-uden-navn.jpg\" class=\"attachment-original size-original\" alt=\"\" srcset=\"https:\/\/mmm.massageimaalov.dk\/wp-content\/uploads\/2025\/03\/Design-uden-navn.jpg 1000w, https:\/\/mmm.massageimaalov.dk\/wp-content\/uploads\/2025\/03\/Design-uden-navn-200x300.jpg 200w, https:\/\/mmm.massageimaalov.dk\/wp-content\/uploads\/2025\/03\/Design-uden-navn-683x1024.jpg 683w, https:\/\/mmm.massageimaalov.dk\/wp-content\/uploads\/2025\/03\/Design-uden-navn-768x1152.jpg 768w\" sizes=\"auto, (max-width: 1000px) 100vw, 1000px\" \/>\t\t\t\t\t\t\n\t\t\t\t\t<\/div>\n\t\t\t\t\t\t\t\t\n<style>\n#image_1970026106 {\n  width: 100%;\n}\n<\/style>\n\t<\/div>\n\t\n\n\n\t\t<\/div>\n\t\t\t\t\t<\/div>\n\n\t\n\n\n<style>\n#row-816701424 > .col > .col-inner {\n  background-color: rgb(255,255,255);\n}\n<\/style>\n<\/div>\n\n\t\t<\/div>\n\t\t\t\t\t<\/div>\n\n\t\n\n\t<div id=\"col-1974333381\" class=\"col hide-for-small medium-1 small-12 large-1\"  >\n\t\t\t\t<div class=\"col-inner\"  >\n\t\t\t\n\t\t\t\n\n\n\t\t<\/div>\n\t\t\t\t\t<\/div>\n\n\t\n\n<\/div>\n\n\t\t<\/div>\n\n\t\t\n<style>\n#section_365923467 {\n  padding-top: 30px;\n  padding-bottom: 30px;\n}\n<\/style>\n\t<\/section>\n\t\n\n","protected":false},"excerpt":{"rendered":"","protected":false},"author":5,"featured_media":0,"parent":0,"menu_order":0,"comment_status":"closed","ping_status":"closed","template":"page-blank.php","meta":{"footnotes":""},"class_list":["post-2613","page","type-page","status-publish","hentry"],"_links":{"self":[{"href":"https:\/\/mmm.massageimaalov.dk\/index.php?rest_route=\/wp\/v2\/pages\/2613","targetHints":{"allow":["GET"]}}],"collection":[{"href":"https:\/\/mmm.massageimaalov.dk\/index.php?rest_route=\/wp\/v2\/pages"}],"about":[{"href":"https:\/\/mmm.massageimaalov.dk\/index.php?rest_route=\/wp\/v2\/types\/page"}],"author":[{"embeddable":true,"href":"https:\/\/mmm.massageimaalov.dk\/index.php?rest_route=\/wp\/v2\/users\/5"}],"replies":[{"embeddable":true,"href":"https:\/\/mmm.massageimaalov.dk\/index.php?rest_route=%2Fwp%2Fv2%2Fcomments&post=2613"}],"version-history":[{"count":6,"href":"https:\/\/mmm.massageimaalov.dk\/index.php?rest_route=\/wp\/v2\/pages\/2613\/revisions"}],"predecessor-version":[{"id":2780,"href":"https:\/\/mmm.massageimaalov.dk\/index.php?rest_route=\/wp\/v2\/pages\/2613\/revisions\/2780"}],"wp:attachment":[{"href":"https:\/\/mmm.massageimaalov.dk\/index.php?rest_route=%2Fwp%2Fv2%2Fmedia&parent=2613"}],"curies":[{"name":"wp","href":"https:\/\/api.w.org\/{rel}","templated":true}]}}