{"id":2500,"date":"2024-12-16T17:30:56","date_gmt":"2024-12-16T17:30:56","guid":{"rendered":"https:\/\/mmm.massageimaalov.dk\/?page_id=2500"},"modified":"2025-03-16T17:27:27","modified_gmt":"2025-03-16T17:27:27","slug":"kropsbehandling-2","status":"publish","type":"page","link":"https:\/\/mmm.massageimaalov.dk\/?page_id=2500","title":{"rendered":"Kropsbehandling"},"content":{"rendered":"\n\n  <div class=\"banner has-hover\" id=\"banner-1353319007\">\n          <div class=\"banner-inner fill\">\n        <div class=\"banner-bg fill\" >\n                                                \n                    <\/div>\n\t\t\n        <div class=\"banner-layers container\">\n            <div class=\"fill banner-link\"><\/div>            \n\n   <div id=\"text-box-1723387798\" class=\"text-box banner-layer x50 md-x50 lg-x50 y50 md-y50 lg-y50 res-text\">\n                                <div class=\"text-box-content text dark\">\n              \n              <div class=\"text-inner text-center\">\n                  \n\n\t<div id=\"text-119163792\" class=\"text\">\n\t\t\n\n<div class=\"uppercase\"><strong>kropsbehandling<\/strong><\/div>\n\t\t\n<style>\n#text-119163792 {\n  font-size: 1.55rem;\n}\n@media (min-width:550px) {\n  #text-119163792 {\n    font-size: 3.5rem;\n  }\n}\n<\/style>\n\t<\/div>\n\t\n\n              <\/div>\n           <\/div>\n                            \n<style>\n#text-box-1723387798 {\n  width: 60%;\n}\n#text-box-1723387798 .text-box-content {\n  font-size: 100%;\n}\n<\/style>\n    <\/div>\n \n\n        <\/div>\n      <\/div>\n\n            \n<style>\n#banner-1353319007 {\n  padding-top: 125px;\n}\n@media (min-width:550px) {\n  #banner-1353319007 {\n    padding-top: 300px;\n  }\n}\n<\/style>\n  <\/div>\n\n\n\n\t<section class=\"section\" id=\"section_923646477\">\n\t\t<div class=\"section-bg fill\" >\n\t\t\t\t\t\t\t\t\t\n\t\t\t\n\n\t\t<\/div>\n\n\t\t\n\n\t\t<div class=\"section-content relative\">\n\t\t\t\n\n<div class=\"row row-full-width\"  id=\"row-1130028581\">\n\n\n\t<div id=\"col-1405661495\" class=\"col hide-for-small medium-1 small-12 large-1\"  >\n\t\t\t\t<div class=\"col-inner\" style=\"background-color:rgb(229, 152, 84);\" >\n\t\t\t\n\t\t\t\n\n\n\t\t<\/div>\n\t\t\t\t\t<\/div>\n\n\t\n\n\t<div id=\"col-1346708025\" class=\"col medium-10 small-12 large-10\"  >\n\t\t\t\t<div class=\"col-inner\"  >\n\t\t\t\n\t\t\t\n\n<div class=\"row row-full-width\"  id=\"row-1495430453\">\n\n\n\t<div id=\"col-880167609\" class=\"col medium-9 small-12 large-9\"  >\n\t\t\t\t<div class=\"col-inner\" style=\"background-color:rgb(255,255,255);\" >\n\t\t\t\n\t\t\t\n\n<p><h3 class=\"uppercase\">90 Minutters Kropsbehandling \u2013 En Helhedsorienteret Massage<\/h3>\n<\/p>\n<p>Min 90-minutters kropsbehandling er en dybdeg\u00e5ende og afbalancerende massage, hvor jeg kombinerer en bred vifte af teknikker for at l\u00f8sne sp\u00e6ndinger, fremme blodcirkulationen og skabe velv\u00e6re i hele kroppen. Behandlingen tilpasses individuelt og kan inkludere klassisk massage, bindev\u00e6vsmassage, afsp\u00e6ndende teknikker samt specialiserede metoder som laserterapi, cupping, nerverefleksologi, \u00f8reakupunktur og Neuro Muscular Function Testing (NMFT).<\/p>\n<p class=\"p1\"><b>Hvad kan behandlingen hj\u00e6lpe med?<\/b><\/p>\n<p class=\"p1\">Behandlingen anvendes til at:<\/p>\n<p class=\"p1\" style=\"padding-left: 40px;\"><span class=\"s1\">\u2714<\/span> L\u00f8sne muskelsp\u00e6ndinger og \u00f8ge bev\u00e6geligheden<br \/><span class=\"s1\">\u2714<\/span> Stimulere blodcirkulationen og lindre \u00f8mhed<br \/><span class=\"s1\">\u2714<\/span> Reducere stress og fremme dyb afslapning<br \/><span class=\"s1\">\u2714<\/span> Forbedre v\u00e6skebalancen og afhj\u00e6lpe tr\u00e6tte eller tunge ben<br \/><span class=\"s1\">\u2714<\/span> St\u00f8tte kroppens naturlige restitution og velv\u00e6re<br \/><span class=\"s1\">\u2714<\/span> Afhj\u00e6lpe sp\u00e6ndingshovedpine, nakkesp\u00e6ndinger og museskader<br \/><span class=\"s1\">\u2714<\/span> Lindre smerter i skuldre, ryg, hofter og kn\u00e6<br \/><span class=\"s1\">\u2714<\/span> Forbedre organsystemet og afstresse nervesystemet<br \/><span class=\"s1\">\u2714<\/span> Skabe smidighed i krop og sind samt \u00f8ge mentalt overskud og koncentration<\/p>\n\n\t\t<\/div>\n\t\t\t\t\n<style>\n#col-880167609 > .col-inner {\n  padding: 40px 20px 0px 40px;\n  margin: 0px 0px -25px 0px;\n}\n<\/style>\n\t<\/div>\n\n\t\n\n\t<div id=\"col-2071239657\" class=\"col medium-3 small-12 large-3\"  >\n\t\t\t\t<div class=\"col-inner text-right\"  >\n\t\t\t\n\t\t\t\n\n\t<div class=\"img has-hover x md-x lg-x y md-y lg-y\" id=\"image_1624353276\">\n\t\t\t\t\t\t\t\t<div class=\"img-inner dark\" style=\"margin:100px 0px 0px 0px;\">\n\t\t\t<img loading=\"lazy\" decoding=\"async\" width=\"240\" height=\"320\" src=\"https:\/\/mmm.massageimaalov.dk\/wp-content\/uploads\/2017\/11\/krop-sh-IMG_2427.jpg\" class=\"attachment-original size-original\" alt=\"\" srcset=\"https:\/\/mmm.massageimaalov.dk\/wp-content\/uploads\/2017\/11\/krop-sh-IMG_2427.jpg 240w, https:\/\/mmm.massageimaalov.dk\/wp-content\/uploads\/2017\/11\/krop-sh-IMG_2427-225x300.jpg 225w\" sizes=\"auto, (max-width: 240px) 100vw, 240px\" \/>\t\t\t\t\t\t\n\t\t\t\t\t<\/div>\n\t\t\t\t\t\t\t\t\n<style>\n#image_1624353276 {\n  width: 91%;\n}\n@media (min-width:550px) {\n  #image_1624353276 {\n    width: 100%;\n  }\n}\n<\/style>\n\t<\/div>\n\t\n\n\n\t\t<\/div>\n\t\t\t\t\t<\/div>\n\n\t\n\n<\/div>\n\n\t\t<\/div>\n\t\t\t\t\n<style>\n#col-1346708025 > .col-inner {\n  padding: 0px 0px 0px 0px;\n  margin: 0px 0px -55px 0px;\n}\n<\/style>\n\t<\/div>\n\n\t\n\n\t<div id=\"col-1089473236\" class=\"col hide-for-small medium-1 small-12 large-1\"  >\n\t\t\t\t<div class=\"col-inner\" style=\"background-color:rgb(229, 152, 84);\" >\n\t\t\t\n\t\t\t\n\n\n\t\t<\/div>\n\t\t\t\t\t<\/div>\n\n\t\n\n\n<style>\n#row-1130028581 > .col > .col-inner {\n  background-color: rgb(255,255,255);\n}\n<\/style>\n<\/div>\n\n\t\t<\/div>\n\n\t\t\n<style>\n#section_923646477 {\n  padding-top: 30px;\n  padding-bottom: 30px;\n  background-color: rgb(229, 152, 84);\n}\n<\/style>\n\t<\/section>\n\t\n\n\t<section class=\"section\" id=\"section_194929922\">\n\t\t<div class=\"section-bg fill\" >\n\t\t\t\t\t\t\t\t\t\n\t\t\t\n\n\t\t<\/div>\n\n\t\t\n\n\t\t<div class=\"section-content relative\">\n\t\t\t\n\n<div class=\"row row-full-width\"  id=\"row-512750142\">\n\n\n\t<div id=\"col-1454348571\" class=\"col hide-for-small medium-1 small-12 large-1\"  >\n\t\t\t\t<div class=\"col-inner\"  >\n\t\t\t\n\t\t\t\n\n\n\t\t<\/div>\n\t\t\t\t\t<\/div>\n\n\t\n\n\t<div id=\"col-1713610307\" class=\"col medium-10 small-12 large-10\"  >\n\t\t\t\t<div class=\"col-inner\" style=\"background-color:rgb(255, 255, 255);\" >\n\t\t\t\n\t\t\t\n\n\t<div id=\"text-1760663920\" class=\"text col-padding-left col-padding-bottom\">\n\t\t\n\n<p class=\"p1\"><b>Hvordan foreg\u00e5r behandlingen?<\/b><\/p>\n<p class=\"p1\">Vi starter altid med en kort samtale om dine behov, eventuelle problematikker og tidligere erfaringer. Herefter l\u00e6gger du dig afslappet p\u00e5 briksen if\u00f8rt dit undert\u00f8j, d\u00e6kket af et varmt t\u00e6ppe. Behandlingen begynder med en beroligende sekvens for at bringe kroppen i ro, hvorefter jeg arbejder med de omr\u00e5der, der har brug for ekstra opm\u00e6rksomhed.<\/p>\n<p class=\"p1\">Med en kombination af lange, rolige str\u00f8g og dybere tryk stimuleres muskler, bindev\u00e6v og nervesystemet, s\u00e5 kroppen kan slippe sp\u00e6ndinger og genfinde balance. Behandlingen tilpasses altid individuelt for at sikre den bedst mulige effekt.<\/p>\n<p class=\"p1\"><b>Efter behandlingen<\/b><\/p>\n<p class=\"p1\">Din krop vil udskille affaldsstoffer, s\u00e5 husk at drikke rigeligt med vand i det efterf\u00f8lgende d\u00f8gn. Du beh\u00f8ver ikke at have smerter eller skader for at nyde en kropsbehandling \u2013 mange bruger den forebyggende eller som en m\u00e5de at pleje kroppen og sindet p\u00e5.<\/p>\n<p class=\"p1\">Behandlingen hos <b>M\u00e5l\u00f8v Muskel Massage<\/b> er for alle \u2013 uanset alder og fysik. Uanset om du har konkrete problemer eller blot \u00f8nsker en afstressende og genopbyggende oplevelse, tilpasses behandlingen pr\u00e6cis til dig.<\/p>\n\t\t\n<style>\n#text-1760663920 {\n  line-height: 1.35;\n}\n<\/style>\n\t<\/div>\n\t\n<div class=\"row row-collapse row-full-width\"  id=\"row-1228272041\">\n\n\n\t<div id=\"col-2031015413\" class=\"col large-12\"  >\n\t\t\t\t<div class=\"col-inner text-center\"  >\n\t\t\t\n\t\t\t\n\n<a href=\"\/?page_id=108\" class=\"button primary\"  >\n\t\t<span>Book her<\/span>\n\t<\/a>\n\n\n\n\t\t<\/div>\n\t\t\t\t\t<\/div>\n\n\t\n\n<\/div>\n\n\t\t<\/div>\n\t\t\t\t\n<style>\n#col-1713610307 > .col-inner {\n  margin: -8px 0px 0px 0px;\n}\n<\/style>\n\t<\/div>\n\n\t\n\n\t<div id=\"col-449161395\" class=\"col hide-for-small medium-1 small-12 large-1\"  >\n\t\t\t\t<div class=\"col-inner\"  >\n\t\t\t\n\t\t\t\n\n\n\t\t<\/div>\n\t\t\t\t\t<\/div>\n\n\t\n\n\n<style>\n#row-512750142 > .col > .col-inner {\n  padding: 0px 0px 0px 0px;\n}\n<\/style>\n<\/div>\n\n\t\t<\/div>\n\n\t\t\n<style>\n#section_194929922 {\n  padding-top: 3px;\n  padding-bottom: 3px;\n  background-color: rgb(229, 152, 84);\n}\n<\/style>\n\t<\/section>\n\t\n\n","protected":false},"excerpt":{"rendered":"","protected":false},"author":5,"featured_media":0,"parent":0,"menu_order":0,"comment_status":"closed","ping_status":"closed","template":"page-blank.php","meta":{"footnotes":""},"class_list":["post-2500","page","type-page","status-publish","hentry"],"_links":{"self":[{"href":"https:\/\/mmm.massageimaalov.dk\/index.php?rest_route=\/wp\/v2\/pages\/2500","targetHints":{"allow":["GET"]}}],"collection":[{"href":"https:\/\/mmm.massageimaalov.dk\/index.php?rest_route=\/wp\/v2\/pages"}],"about":[{"href":"https:\/\/mmm.massageimaalov.dk\/index.php?rest_route=\/wp\/v2\/types\/page"}],"author":[{"embeddable":true,"href":"https:\/\/mmm.massageimaalov.dk\/index.php?rest_route=\/wp\/v2\/users\/5"}],"replies":[{"embeddable":true,"href":"https:\/\/mmm.massageimaalov.dk\/index.php?rest_route=%2Fwp%2Fv2%2Fcomments&post=2500"}],"version-history":[{"count":11,"href":"https:\/\/mmm.massageimaalov.dk\/index.php?rest_route=\/wp\/v2\/pages\/2500\/revisions"}],"predecessor-version":[{"id":2813,"href":"https:\/\/mmm.massageimaalov.dk\/index.php?rest_route=\/wp\/v2\/pages\/2500\/revisions\/2813"}],"wp:attachment":[{"href":"https:\/\/mmm.massageimaalov.dk\/index.php?rest_route=%2Fwp%2Fv2%2Fmedia&parent=2500"}],"curies":[{"name":"wp","href":"https:\/\/api.w.org\/{rel}","templated":true}]}}