{"id":2479,"date":"2024-12-16T15:17:13","date_gmt":"2024-12-16T15:17:13","guid":{"rendered":"https:\/\/mmm.massageimaalov.dk\/?page_id=2479"},"modified":"2025-03-16T17:39:17","modified_gmt":"2025-03-16T17:39:17","slug":"laserterapi","status":"publish","type":"page","link":"https:\/\/mmm.massageimaalov.dk\/?page_id=2479","title":{"rendered":"Laserterapi"},"content":{"rendered":"\n\n  <div class=\"banner has-hover\" id=\"banner-1988343838\">\n          <div class=\"banner-inner fill\">\n        <div class=\"banner-bg fill\" >\n            <img loading=\"lazy\" decoding=\"async\" width=\"1020\" height=\"293\" src=\"https:\/\/mmm.massageimaalov.dk\/wp-content\/uploads\/2019\/12\/p\u00e5-langs-1024x294.png\" class=\"bg attachment-large size-large\" alt=\"\" \/>                                    \n                    <\/div>\n\t\t\n        <div class=\"banner-layers container\">\n            <div class=\"fill banner-link\"><\/div>            \n\n   <div id=\"text-box-713886914\" class=\"text-box banner-layer x50 md-x50 lg-x50 y50 md-y50 lg-y50 res-text\">\n                                <div class=\"text-box-content text dark\">\n              \n              <div class=\"text-inner text-center\">\n                  \n\n\t<div id=\"text-2575268059\" class=\"text\">\n\t\t\n\n<div class=\"uppercase\"><strong>laserterapi<\/strong><\/div>\n\t\t\n<style>\n#text-2575268059 {\n  font-size: 1.55rem;\n}\n@media (min-width:550px) {\n  #text-2575268059 {\n    font-size: 3.5rem;\n  }\n}\n<\/style>\n\t<\/div>\n\t\n\n              <\/div>\n           <\/div>\n                            \n<style>\n#text-box-713886914 {\n  width: 60%;\n}\n#text-box-713886914 .text-box-content {\n  font-size: 100%;\n}\n<\/style>\n    <\/div>\n \n\n        <\/div>\n      <\/div>\n\n            \n<style>\n#banner-1988343838 {\n  padding-top: 125px;\n}\n#banner-1988343838 .banner-bg img {\n  object-position: 2% 10%;\n}\n@media (min-width:550px) {\n  #banner-1988343838 {\n    padding-top: 300px;\n  }\n}\n<\/style>\n  <\/div>\n\n\n\n\t<section class=\"section\" id=\"section_770276148\">\n\t\t<div class=\"section-bg fill\" >\n\t\t\t\t\t\t\t\t\t\n\t\t\t\n\n\t\t<\/div>\n\n\t\t\n\n\t\t<div class=\"section-content relative\">\n\t\t\t\n\n<div class=\"row row-full-width\"  id=\"row-1765876263\">\n\n\n\t<div id=\"col-1987743406\" class=\"col hide-for-small medium-1 small-12 large-1\"  >\n\t\t\t\t<div class=\"col-inner\"  >\n\t\t\t\n\t\t\t\n\n\n\t\t<\/div>\n\t\t\t\t\t<\/div>\n\n\t\n\n\t<div id=\"col-667757051\" class=\"col medium-10 small-12 large-10\"  >\n\t\t\t\t<div class=\"col-inner\" style=\"background-color:rgb(255, 255, 255);\" >\n\t\t\t\n\t\t\t\n\n<div class=\"row row-full-width\"  id=\"row-1001454121\">\n\n\n\t<div id=\"col-1776822158\" class=\"col small-12 large-12\"  >\n\t\t\t\t<div class=\"col-inner\"  >\n\t\t\t\n\t\t\t\n\n\t<div id=\"text-3043498899\" class=\"text col-padding-left-right-top\">\n\t\t\n\n<h3>LASERTERAPI<\/h3>\n<h5>Hvad er laserterapi<\/h5>\n<p>\nMed laserbehandlingen overf\u00f8res energien fra laserlyset til kroppens celler, hvor det kan benyttes som br\u00e6ndstof og giver muskelcellen energi til at arbejde. Cellerne f\u00e5r derved energi til at udf\u00f8re alle de opgaver, som de er programmeret til, heriblandt kroppens naturlige helingsproces. Vores krop kan hele sig selv i n\u00e6rmest alle henseender, hvis vi blot giver den de rette betingelser herfor. <\/p>\n<p><h5>Hvorfor bruge laserterapi<\/h5>\n<p>\nLaserterapi accelererer den naturlige helings proces og reducerer derved helingstiden \u2013 typisk fra uger til dage, med op til 75 %<\/p>\n\t\t\t<\/div>\n\t\n\n\t\t<\/div>\n\t\t\t\t\t<\/div>\n\n\t\n\n<\/div>\n<div class=\"row row-full-width align-middle\"  id=\"row-272840287\">\n\n\n\t<div id=\"col-1427122052\" class=\"col medium-7 small-12 large-7\"  >\n\t\t\t\t<div class=\"col-inner\"  >\n\t\t\t\n\t\t\t\n\n\t<div id=\"text-455873738\" class=\"text col-padding-left\">\n\t\t\n\n<p style=\"margin-top:-25px\">\n<h4>Hvor kan laserterapi anvendes:<\/h4>\n<p><h5>Akutte skader:<\/h5>\n<p>\nForstuvning, br\u00e6kkede knogler, fiberspr\u00e6ngning og vabler.<\/p>\n<p><h5>Overbelastningskader:<\/h5>\n<p>\nSenebet\u00e6ndelse, l\u00e6ndesmerter, h\u00e6lspore, tennisalbue, frossen skulder og golfarm<\/p>\n<p><h5>Kroniske tilstande:<\/h5>\n<p>\nLedde- og slidgigt samt piskesm\u00e6ld<\/p>\n<p><h5>Overfladeproblemer.<\/h5>\n<p>\nEksem, fork\u00f8lelsess\u00e5r, alm. s\u00e5r og vorter.<\/p>\n<p>Fedtknuder, seneknuder, brands\u00e5r, bihulebet\u00e6ndelse, arv\u00e6v.<\/p>\n\t\t\t<\/div>\n\t\n\n\t\t<\/div>\n\t\t\t\t\t<\/div>\n\n\t\n\n\t<div id=\"col-87836808\" class=\"col medium-5 small-12 large-5\"  >\n\t\t\t\t<div class=\"col-inner\"  >\n\t\t\t\n\t\t\t\n\n\t<div class=\"img has-hover x md-x lg-x y md-y lg-y\" id=\"image_396053534\">\n\t\t\t\t\t\t\t\t<div class=\"img-inner dark\" >\n\t\t\t<img loading=\"lazy\" decoding=\"async\" width=\"595\" height=\"292\" src=\"https:\/\/mmm.massageimaalov.dk\/wp-content\/uploads\/2024\/12\/Laserterapi-side.jpg\" class=\"attachment-large size-large\" alt=\"\" srcset=\"https:\/\/mmm.massageimaalov.dk\/wp-content\/uploads\/2024\/12\/Laserterapi-side.jpg 595w, https:\/\/mmm.massageimaalov.dk\/wp-content\/uploads\/2024\/12\/Laserterapi-side-300x147.jpg 300w\" sizes=\"auto, (max-width: 595px) 100vw, 595px\" \/>\t\t\t\t\t\t\n\t\t\t\t\t<\/div>\n\t\t\t\t\t\t\t\t\n<style>\n#image_396053534 {\n  width: 100%;\n}\n<\/style>\n\t<\/div>\n\t\n\n\n\t\t<\/div>\n\t\t\t\t\t<\/div>\n\n\t\n\n<\/div>\n<div class=\"row row-full-width\"  id=\"row-110047965\">\n\n\n\t<div id=\"col-167178671\" class=\"col small-12 large-12\"  >\n\t\t\t\t<div class=\"col-inner\"  >\n\t\t\t\n\t\t\t\n\n\t<div id=\"text-35377420\" class=\"text col-padding-left\">\n\t\t\n\n<p style=\"margin-top:-30px\">\n<h4>Laser NORMALISERER<\/h4>\n<p>\nVed ensartet gentagne bev\u00e6gelser overbelastes v\u00e6vet og der opst\u00e5r en reaktion i form af en inflammation. Dette g\u00e6lder f. eks. tennisalbue, golfalbue og musearm. Laserterapi d\u00e6mper og normaliserer den overreaktion, som inflammationen er udtryk for<\/p>\n<p><h4>Laser LINDRER<\/h4>\n<p>\nLaserterapi stimulerer dannelsen af endorfiner, som virker naturligt smertestillende. Desuden d\u00e6mpes v\u00e6vets reaktion ved autoimmune reaktioner. Ved f.eks. mindre brands\u00e5r forsvinder smerten n\u00e6sten \u00f8jeblikkeligt.<\/p>\n<p><h4>Laser STYRKER<\/h4>\n<p>\nDet naturlige immunforsvar styrkes og medvirker dermed til at bek\u00e6mpe bet\u00e6ndelsestilstande s\u00e6rdeles effektivt. Derfor heler ellers uhelbredelige skinnebenss\u00e5r p\u00e5 f\u00e5 uger. Virusangreb s\u00e5som herpes simplex (fork\u00f8lelsess\u00e5r) bek\u00e6mpes lige s\u00e5 effektivt, f\u00e5 behandling n\u00e5r det prikker og stikker i huden (tit dagen f\u00f8r). Behandlingen er ofte s\u00e5 effektivt, at udbruddet aldrig kommer igen.<\/p>\n<p><h4>Laser STIMULERER<\/h4>\n<p>\nLaserterapi stimulerer dannelsen af kollegent v\u00e6v. Derfor heler f.eks. operationss\u00e5r op langt hurtigere og med mindre, n\u00e6sten usynlig ardannelse<\/p>\n<p><h5>Hvor tit skal man behandles<\/h5>\n<p>\nDet er helt individuelt og afh\u00e6nger af problemets karakter, om det er en akut opst\u00e5et skade eller en langvarig overbelastningsskade. Antallet af behandlinger er naturligvis individuelt, men grundbehandlingen best\u00e5r som udgangspunkt af 4-6 behandlinger over 2-3 uger.<\/p>\n<p>En laserbehandling tager typisk 5-15 min. og kombineres her i klinikken med dybdeg\u00e5ende massage. Der er ingen bivirkninger. Der kan h\u00f8jst v\u00e6re tale om behandlingsreaktioner i form af en for\u00f8get irritation eller murren i det behandlede omr\u00e5de. Dette er ganske normalt og aftager i l\u00f8bet af 12-24 timer.<\/p>\n<p>For at opn\u00e5 den bedste effekt, er det vigtigt at behandlingerne i begyndelsen gives kontinuerligt. Jeg anbefaler minimum 4 behandlinger inden for 8 dage. <\/p>\n<p>Laserterapi er ikke en alternativ behandling og den terapeutiske effekt er veldokumenteret. Der foreligger i dag forskning, der klart dokumentere, at laserterapi er s\u00e6rdeles effektivt til at stimulerer cellerne i sener, muskler, bindev\u00e6v og led. P\u00e5 denne m\u00e5de stimuleres kroppens immunforsvar, blodcirkulation og naturlige helings processer.<\/p>\n<p>80% af alle behandlinger kan afhj\u00e6lpes, og der vil m\u00e6rkes forbedring efter 1-3 behandling.<\/p>\n<p><h5>G\u00f8r det ondt<\/h5>\n<p>\nSelve laserbehandlingen er smertefri og ufarlig og kan i nogle tilf\u00e6lde opleves som en svag prikken eller snurren, og det betyder blot, at der er gang i helingen.<\/p>\n\t\t\t<\/div>\n\t\n\n\t\t<\/div>\n\t\t\t\t\t<\/div>\n\n\t\n\n<\/div>\n\n\t\t<\/div>\n\t\t\t\t\t<\/div>\n\n\t\n\n\t<div id=\"col-2132430130\" class=\"col hide-for-small medium-1 small-12 large-1\"  >\n\t\t\t\t<div class=\"col-inner\"  >\n\t\t\t\n\t\t\t\n\n\n\t\t<\/div>\n\t\t\t\t\t<\/div>\n\n\t\n\n<\/div>\n<div class=\"row row-full-width align-center\"  id=\"row-2074356932\">\n\n\n\t<div id=\"col-167508041\" class=\"col medium-10 small-12 large-10\"  >\n\t\t\t\t<div class=\"col-inner text-center\" style=\"background-color:rgb(255,255,255);\" >\n\t\t\t\n\t\t\t\n\n<a href=\"\/?page_id=108\" class=\"button primary\"  >\n\t\t<span>Book her<\/span>\n\t<\/a>\n\n\n\n\t\t<\/div>\n\t\t\t\t\n<style>\n#col-167508041 > .col-inner {\n  margin: -30px 0px 0px 0px;\n}\n<\/style>\n\t<\/div>\n\n\t\n\n<\/div>\n\n\t\t<\/div>\n\n\t\t\n<style>\n#section_770276148 {\n  padding-top: 30px;\n  padding-bottom: 30px;\n  background-color: rgb(229, 152, 84);\n}\n<\/style>\n\t<\/section>\n\t\n\n","protected":false},"excerpt":{"rendered":"","protected":false},"author":5,"featured_media":0,"parent":0,"menu_order":0,"comment_status":"closed","ping_status":"closed","template":"page-blank.php","meta":{"footnotes":""},"class_list":["post-2479","page","type-page","status-publish","hentry"],"_links":{"self":[{"href":"https:\/\/mmm.massageimaalov.dk\/index.php?rest_route=\/wp\/v2\/pages\/2479","targetHints":{"allow":["GET"]}}],"collection":[{"href":"https:\/\/mmm.massageimaalov.dk\/index.php?rest_route=\/wp\/v2\/pages"}],"about":[{"href":"https:\/\/mmm.massageimaalov.dk\/index.php?rest_route=\/wp\/v2\/types\/page"}],"author":[{"embeddable":true,"href":"https:\/\/mmm.massageimaalov.dk\/index.php?rest_route=\/wp\/v2\/users\/5"}],"replies":[{"embeddable":true,"href":"https:\/\/mmm.massageimaalov.dk\/index.php?rest_route=%2Fwp%2Fv2%2Fcomments&post=2479"}],"version-history":[{"count":30,"href":"https:\/\/mmm.massageimaalov.dk\/index.php?rest_route=\/wp\/v2\/pages\/2479\/revisions"}],"predecessor-version":[{"id":2814,"href":"https:\/\/mmm.massageimaalov.dk\/index.php?rest_route=\/wp\/v2\/pages\/2479\/revisions\/2814"}],"wp:attachment":[{"href":"https:\/\/mmm.massageimaalov.dk\/index.php?rest_route=%2Fwp%2Fv2%2Fmedia&parent=2479"}],"curies":[{"name":"wp","href":"https:\/\/api.w.org\/{rel}","templated":true}]}}