{"id":2238,"date":"2024-12-09T15:31:15","date_gmt":"2024-12-09T15:31:15","guid":{"rendered":"https:\/\/mmm.massageimaalov.dk\/?page_id=2238"},"modified":"2025-03-16T18:15:51","modified_gmt":"2025-03-16T18:15:51","slug":"prisliste-2","status":"publish","type":"page","link":"https:\/\/mmm.massageimaalov.dk\/?page_id=2238","title":{"rendered":"Prisliste"},"content":{"rendered":"\n\n  <div class=\"banner has-hover\" id=\"banner-627265402\">\n          <div class=\"banner-inner fill\">\n        <div class=\"banner-bg fill\" >\n                                                \n                    <\/div>\n\t\t\n        <div class=\"banner-layers container\">\n            <div class=\"fill banner-link\"><\/div>            \n\n   <div id=\"text-box-646134754\" class=\"text-box banner-layer x50 md-x50 lg-x50 y50 md-y50 lg-y50 res-text\">\n                                <div class=\"text-box-content text dark\">\n              \n              <div class=\"text-inner text-center\">\n                  \n\n\t<div id=\"text-1195702122\" class=\"text\">\n\t\t\n\n<div class=\"uppercase\"><strong>Priser<\/strong><\/div>\n\t\t\n<style>\n#text-1195702122 {\n  font-size: 1.55rem;\n}\n@media (min-width:550px) {\n  #text-1195702122 {\n    font-size: 3.5rem;\n  }\n}\n<\/style>\n\t<\/div>\n\t\n\n              <\/div>\n           <\/div>\n                            \n<style>\n#text-box-646134754 {\n  width: 60%;\n}\n#text-box-646134754 .text-box-content {\n  font-size: 100%;\n}\n<\/style>\n    <\/div>\n \n\n        <\/div>\n      <\/div>\n\n            \n<style>\n#banner-627265402 {\n  padding-top: 125px;\n}\n@media (min-width:550px) {\n  #banner-627265402 {\n    padding-top: 300px;\n  }\n}\n<\/style>\n  <\/div>\n\n\n\t<div id=\"gap-531469698\" class=\"gap-element clearfix\" style=\"display:block; height:auto;\">\n\t\t\n<style>\n#gap-531469698 {\n  padding-top: 30px;\n}\n<\/style>\n\t<\/div>\n\t\n\n\n\t<section class=\"section\" id=\"section_794494606\">\n\t\t<div class=\"section-bg fill\" >\n\t\t\t\t\t\t\t\t\t\n\t\t\t\n\n\t\t<\/div>\n\n\t\t\n\n\t\t<div class=\"section-content relative\">\n\t\t\t\n\n<div class=\"row\"  id=\"row-1227401809\">\n\n\n\t<div id=\"col-382981385\" class=\"col small-12 large-12\"  >\n\t\t\t\t<div class=\"col-inner\"  >\n\t\t\t\n\t\t\t\n\n<div class=\"row\"  id=\"row-1983817407\">\n\n\n\t<div id=\"col-1921974801\" class=\"col medium-4 small-12 large-4\"  >\n\t\t\t\t<div class=\"col-inner\"  >\n\t\t\t\n\t\t\t\n\n<div class=\"pricing-table-wrapper\">\n  <div class=\"pricing-table ux_price_table text-center col-prize-height-620 box-shadow-3-hover featured-table\">\n    <div class=\"pricing-table-header\">\n      <div class=\"title uppercase strong\">Terapeutisk massage<\/div>\n      <div class=\"price is-xxlarge\">$99.99<\/div>\n          <\/div>\n    <div class=\"pricing-table-items items\">\n      \n\n\t<div id=\"text-166894705\" class=\"text\">\n\t\t\n\n<div style=\"text-align: left;padding-buttom:30px\">Hvis du d\u00f8jer med en bestemt problemstilling fx. sp\u00e6ndingshovedpine, nakkesmerter eller ondt i ryggen kan en terapeutisk massage v\u00e6re med til at mindske og fjerne smerterne. Behandling af myoser, infiltrationer og triggerpunkter sikrer en mere velfungerende muskulatur og den naturlige helingsproces accelererer.<\/div>\n\t\t\n<style>\n#text-166894705 {\n  font-size: 0.95rem;\n  line-height: 1.6;\n}\n<\/style>\n\t<\/div>\n\t\n<table style=\"width: 100%; margin-top: 100px ;\">\n<tbody>\n<tr>\n<td>30 min.<\/td>\n<td>\u00a0<\/td>\n<td style=\"text-align: right;\">350 kr.<\/td>\n<\/tr>\n<tr>\n<td>45 min.<\/td>\n<td>\u00a0<\/td>\n<td style=\"text-align: right;\">450 kr.<\/td>\n<\/tr>\n<tr>\n<td>60 min.<\/td>\n<td>\u00a0<\/td>\n<td style=\"text-align: right;\">550 kr.<\/td>\n<\/tr>\n<\/tbody>\n<\/table>\n<div style=\"text-align: center; display: inline-block;\"><a href=\"\/?page_id=108\"><button class=\"button primary is-smaller lowercase button-align \" style=\"display: block; margin-top: auto;\">Book her<\/button><\/a><\/div>\n\n    <\/div>\n      <\/div>\n<\/div>\n\n\n\n\t\t<\/div>\n\t\t\t\t\t<\/div>\n\n\t\n\n\t<div id=\"col-1543734527\" class=\"col medium-4 small-12 large-4\"  >\n\t\t\t\t<div class=\"col-inner\"  >\n\t\t\t\n\t\t\t\n\n<div class=\"pricing-table-wrapper\">\n  <div class=\"pricing-table ux_price_table text-center col-prize-height-620 box-shadow-3-hover featured-table\">\n    <div class=\"pricing-table-header\">\n      <div class=\"title uppercase strong\">Velv\u00e6re massage<\/div>\n      <div class=\"price is-xxlarge\">$99.99<\/div>\n          <\/div>\n    <div class=\"pricing-table-items items\">\n      \n\n\t<div id=\"text-2773445204\" class=\"text\">\n\t\t\n\n<div style=\"text-align: left;\">Hvis du tr\u00e6nger til at fork\u00e6le dig selv eller en du holder af, kan det v\u00e6re en rigtig god ide at bestille tid til velv\u00e6remassage.<br \/> Du slipper af med un\u00f8dvendige sp\u00e6ndinger, du bliver mere afslappet og da massagen virker afstressende, giver det dig fornyet energi i hverdagen.\n<\/div>\n\t\t\n<style>\n#text-2773445204 {\n  font-size: 0.95rem;\n  line-height: 1.6;\n}\n<\/style>\n\t<\/div>\n\t\n<table style=\"width: 100%; margin-top: 126px;\">\n<tbody>\n<tr>\n<td>30 min.<\/td>\n<td>\u00a0<\/td>\n<td style=\"text-align: right;\">350 kr.<\/td>\n<\/tr>\n<tr>\n<td>45 min.<\/td>\n<td>\u00a0<\/td>\n<td style=\"text-align: right;\">450 kr.<\/td>\n<\/tr>\n<tr>\n<td>60 min.<\/td>\n<td>\u00a0<\/td>\n<td style=\"text-align: right;\">550 kr.<\/td>\n<\/tr>\n<\/tbody>\n<\/table>\n<div style=\"text-align: center; display: inline-block;\"><a href=\"\/?page_id=108\"><button class=\"button primary is-smaller lowercase button-align \" style=\"display: block; margin: 0 auto;\">Book her<\/span><\/span><\/button><\/a><\/div>\n\n    <\/div>\n      <\/div>\n<\/div>\n\n\n\n\t\t<\/div>\n\t\t\t\t\t<\/div>\n\n\t\n\n\t<div id=\"col-466166318\" class=\"col medium-4 small-12 large-4\"  >\n\t\t\t\t<div class=\"col-inner\"  >\n\t\t\t\n\t\t\t\n\n<div class=\"pricing-table-wrapper\">\n  <div class=\"pricing-table ux_price_table text-center col-prize-height-620 box-shadow-3-hover featured-table\">\n    <div class=\"pricing-table-header\">\n      <div class=\"title uppercase strong\">B\u00f8rn og unge<\/div>\n      <div class=\"price is-xxlarge\">$99.99<\/div>\n          <\/div>\n    <div class=\"pricing-table-items items\">\n      \n\n\t<div id=\"text-2480948434\" class=\"text\">\n\t\t\n\n<div style=\"text-align: left;\">Massage til B\u00f8rn og unge. Selvom b\u00f8rn og unge har en frisk, st\u00e6rk krop, bliver de ogs\u00e5 ramt af \u00f8mhed, sp\u00e6ndinger og stive muskler af og til. Uanset om dit barn dyrker sport p\u00e5 h\u00f8jt niveau eller bare har v\u00e6ret i gang i skoleg\u00e5rden, er \u00f8mme muskler helt normalt \u2013 men det er ikke behageligt. En massagebehandling kan lindre \u00f8mheden og hj\u00e6lpe barnet med hurtigere at f\u00f8le sig tilpas og klar til mere aktiv leg. Unge der har siddet for meget ved computeren, og har f\u00e5et ondt i nakken, kan ogs\u00e5 tr\u00e6nge til at blive l\u00f8snet op, s\u00e5 smerterne kan forsvinde.\n<\/div>\n\t\t\n<style>\n#text-2480948434 {\n  font-size: 0.95rem;\n  line-height: 1.6;\n}\n<\/style>\n\t<\/div>\n\t\n<p>\u00a0<\/p>\n<table style=\"width: 100%; margin-top: 28px; margin-bottom: 0;\">\n<tbody>\n<tr>\n<td>30 min.<\/td>\n<td>\u00a0<\/td>\n<td style=\"text-align: right;\">250 kr.<\/td>\n<\/tr>\n<tr>\n<td><a href=\"\/?page_id=108\"><button class=\"button primary lowercase is-small  button-align\">Book her<\/button><\/a><\/td>\n<td>\u00a0<\/td>\n<td style=\"text-align: right;\"><a href=\"\/?page_id=2730\"><button class=\"button primary lowercase is-small button-align\">L\u00e6s mere<\/button><\/a><\/td>\n<\/tr>\n<\/tbody>\n<\/table>\n\n\n    <\/div>\n      <\/div>\n<\/div>\n\n\n\n\t\t<\/div>\n\t\t\t\t\t<\/div>\n\n\t\n\n<\/div>\n\n\t\t<\/div>\n\t\t\t\t\t<\/div>\n\n\t\n\n<\/div>\n\n\t\t<\/div>\n\n\t\t\n<style>\n#section_794494606 {\n  padding-top: 30px;\n  padding-bottom: 30px;\n}\n<\/style>\n\t<\/section>\n\t\n\n\t<section class=\"section\" id=\"section_1225025518\">\n\t\t<div class=\"section-bg fill\" >\n\t\t\t\t\t\t\t\t\t\n\t\t\t\n\n\t\t<\/div>\n\n\t\t\n\n\t\t<div class=\"section-content relative\">\n\t\t\t\n\n<div class=\"row\"  id=\"row-770514252\">\n\n\n\t<div id=\"col-1057075425\" class=\"col medium-4 small-12 large-4\"  >\n\t\t\t\t<div class=\"col-inner\"  >\n\t\t\t\n\t\t\t\n\n<div class=\"pricing-table-wrapper\">\n  <div class=\"pricing-table ux_price_table text-center col-prize-height-460 box-shadow-3-hover featured-table\">\n    <div class=\"pricing-table-header\">\n      <div class=\"title uppercase strong\">Gravid massage<\/div>\n      <div class=\"price is-xxlarge\">$99.99<\/div>\n          <\/div>\n    <div class=\"pricing-table-items items\">\n      \n\n\t<div id=\"text-3949155322\" class=\"text\">\n\t\t\n\n<div style=\"text-align: left;padding-buttom:30px\">Massage lindrer den generelle ubehag, der kan opst\u00e5 under en graviditet. Der kan v\u00e6re tale om rygsmerter, nakkeproblemer, ben kramper, hovedpine samt h\u00e6velser. Derudover reducerer gravidmassage ogs\u00e5 stress p\u00e5 led og sener, forbedrer blod- og lymfeoml\u00f8bet og hj\u00e6lper dig med at slappe af, hvilket kan give bedre nattes\u00f8vn.<\/div>\n\t\t\n<style>\n#text-3949155322 {\n  font-size: 0.95rem;\n  line-height: 1.6;\n}\n<\/style>\n\t<\/div>\n\t\n<table style=\"width: 100%; margin-top: 10px;\">\n<tbody>\n<tr>\n<td>60 min.<\/td>\n<td>\u00a0<\/td>\n<td style=\"text-align: right;\">550 kr.<\/td>\n<\/tr>\n<\/tbody>\n<\/table>\n<div style=\"text-align: center; display: inline-block;\"><a href=\"\/?page_id=108\"><button class=\"button primary is-smaller lowercase button-align \" style=\"display: block; margin: 0 auto;\">Book her<\/button><\/a><\/div>\n\n    <\/div>\n      <\/div>\n<\/div>\n\n\n\n\t\t<\/div>\n\t\t\t\t\t<\/div>\n\n\t\n\n\t<div id=\"col-1454518623\" class=\"col medium-4 small-12 large-4\"  >\n\t\t\t\t<div class=\"col-inner\"  >\n\t\t\t\n\t\t\t\n\n<div class=\"pricing-table-wrapper\">\n  <div class=\"pricing-table ux_price_table text-center col-prize-height-460 box-shadow-3-hover featured-table\">\n    <div class=\"pricing-table-header\">\n      <div class=\"title uppercase strong\">Kropsbehandling<\/div>\n      <div class=\"price is-xxlarge\">$99.99<\/div>\n          <\/div>\n    <div class=\"pricing-table-items items\">\n      \n\n\t<div id=\"text-1730234659\" class=\"text\">\n\t\t\n\n<div style=\"text-align: left;\">En kombination af dynamisk pulsering, statiske tryk, fysiurgisk massage, zoneterapi, cupping, laser og nervereflexologi. alt efter, hvad jeg finder i din krop af blokeringer.\n<\/div>\n\t\t\n<style>\n#text-1730234659 {\n  font-size: 0.95rem;\n  line-height: 1.6;\n}\n<\/style>\n\t<\/div>\n\t\n<p>\u00a0<\/p>\n<table style=\"width: 100%; margin-top: 108px;\">\n<tbody>\n<tr>\n<td>90 min.<\/td>\n<td>\u00a0<\/td>\n<td style=\"text-align: right;\">850 kr.<\/td>\n<\/tr>\n<\/tbody>\n<\/table>\n<div style=\"text-align: center; display: inline-block;\"><a href=\"\/?page_id=108\"><button class=\"button primary is-smaller lowercase button-align \" style=\"display: block; margin: 0 auto;\">Book her<\/button><\/a><\/div>\n\n    <\/div>\n      <\/div>\n<\/div>\n\n\n\n\t\t<\/div>\n\t\t\t\t\t<\/div>\n\n\t\n\n\t<div id=\"col-1623037769\" class=\"col medium-4 small-12 large-4\"  >\n\t\t\t\t<div class=\"col-inner\"  >\n\t\t\t\n\t\t\t\n\n<div class=\"pricing-table-wrapper\">\n  <div class=\"pricing-table ux_price_table text-center col-prize-height-460 box-shadow-3-hover featured-table\">\n    <div class=\"pricing-table-header\">\n      <div class=\"title uppercase strong\">Kombi massage<\/div>\n      <div class=\"price is-xxlarge\">$99.99<\/div>\n          <\/div>\n    <div class=\"pricing-table-items items\">\n      \n\n\t<div id=\"text-3254976106\" class=\"text\">\n\t\t\n\n<div style=\"text-align: left;\">Her modtager du begge behandlinger, f\u00f8rst en halv times terapeutisk, og derefter 3 kvarter velv\u00e6re massage af resten af kroppen.\n<\/div>\n\t\t\n<style>\n#text-3254976106 {\n  font-size: 0.95rem;\n  line-height: 1.6;\n}\n<\/style>\n\t<\/div>\n\t\n<table style=\"width: 100%; margin-top: 153px;\">\n<tbody>\n<tr>\n<td>75 min.<\/td>\n<td>\u00a0<\/td>\n<td style=\"text-align: right;\">645 kr.<\/td>\n<\/tr>\n<\/tbody>\n<\/table>\n<div style=\"text-align: center; display: inline-block;\"><a href=\"\/?page_id=108\"><button class=\"button primary is-smaller lowercase button-align \" style=\"display: block; margin: 0 auto;\">Book her<\/button><\/a><\/div>\n\n    <\/div>\n      <\/div>\n<\/div>\n\n\n\n\t\t<\/div>\n\t\t\t\t\t<\/div>\n\n\t\n\n<\/div>\n\n\t\t<\/div>\n\n\t\t\n<style>\n#section_1225025518 {\n  padding-top: 30px;\n  padding-bottom: 30px;\n}\n<\/style>\n\t<\/section>\n\t\n\n\t<section class=\"section\" id=\"section_2012245702\">\n\t\t<div class=\"section-bg fill\" >\n\t\t\t\t\t\t\t\t\t\n\t\t\t\n\n\t\t<\/div>\n\n\t\t\n\n\t\t<div class=\"section-content relative\">\n\t\t\t\n\n<div class=\"row\"  id=\"row-596333875\">\n\n\n\t<div id=\"col-1616237240\" class=\"col small-12 large-12\"  >\n\t\t\t\t<div class=\"col-inner\"  >\n\t\t\t\n\t\t\t\n\n<div class=\"row\"  id=\"row-1150865538\">\n\n\n\t<div id=\"col-1739301490\" class=\"col medium-4 small-12 large-4\"  >\n\t\t\t\t<div class=\"col-inner\"  >\n\t\t\t\n\t\t\t\n\n<div class=\"pricing-table-wrapper\">\n  <div class=\"pricing-table ux_price_table text-center col-prize-height-250 box-shadow-3-hover featured-table\">\n    <div class=\"pricing-table-header\">\n      <div class=\"title uppercase strong\">Laser Terapi<\/div>\n      <div class=\"price is-xxlarge\">$99.99<\/div>\n          <\/div>\n    <div class=\"pricing-table-items items\">\n      \n\n<table style=\"width: 100%; margin-top: 10px; margin-bottom: 0;\">\n<tbody>\n<tr>\n<td>45 min.<\/td>\n<td>\u00a0<\/td>\n<td style=\"text-align: right;\">450 kr.<\/td>\n<\/tr>\n<tr>\n<td><a href=\"\/?page_id=108\"><button class=\"button primary lowercase is-small button-align\">Book her<\/button><\/a><\/td>\n<td>\u00a0<\/td>\n<td style=\"text-align: right;\"><a href=\"\/?page_id=2479\"><button class=\"button primary lowercase is-small button-align\">L\u00e6s mere<\/button><\/a><\/td>\n<\/tr>\n<\/tbody>\n<\/table>\n\n    <\/div>\n      <\/div>\n<\/div>\n\n\n\n\t\t<\/div>\n\t\t\t\t\t<\/div>\n\n\t\n\n\t<div id=\"col-505546539\" class=\"col medium-4 small-12 large-4\"  >\n\t\t\t\t<div class=\"col-inner\"  >\n\t\t\t\n\t\t\t\n\n<div class=\"pricing-table-wrapper\">\n  <div class=\"pricing-table ux_price_table text-center col-prize-height-250 box-shadow-3-hover featured-table\">\n    <div class=\"pricing-table-header\">\n      <div class=\"title uppercase strong\">Cupping<\/div>\n      <div class=\"price is-xxlarge\">$99.99<\/div>\n          <\/div>\n    <div class=\"pricing-table-items items\">\n      \n\n<table style=\"width: 100%; margin-top: 10px; margin-bottom: 0;\">\n<tbody>\n<tr>\n<td>30 min.<\/td>\n<td>\u00a0<\/td>\n<td style=\"text-align: right;\">350 kr.<\/td>\n<\/tr>\n<tr>\n<td><a href=\"\/?page_id=108\"><button class=\"button primary lowercase is-small button-align\">Book her<\/button><\/a><\/td>\n<td>\u00a0<\/td>\n<td style=\"text-align: right;\"><a href=\"https:\/\/mmm.massageimaalov.dk\/?page_id=2160\"><button class=\"button primary lowercase is-small button-align\">L\u00e6s mere<\/button><\/a><\/td>\n<\/tr>\n<\/tbody>\n<\/table>\n\n    <\/div>\n      <\/div>\n<\/div>\n\n\n\n\t\t<\/div>\n\t\t\t\t\t<\/div>\n\n\t\n\n\t<div id=\"col-468691257\" class=\"col medium-4 small-12 large-4\"  >\n\t\t\t\t<div class=\"col-inner\"  >\n\t\t\t\n\t\t\t\n\n\n\t\t<\/div>\n\t\t\t\t\t<\/div>\n\n\t\n\n<\/div>\n\n\t\t<\/div>\n\t\t\t\t\t<\/div>\n\n\t\n\n<\/div>\n\n\t\t<\/div>\n\n\t\t\n<style>\n#section_2012245702 {\n  padding-top: 30px;\n  padding-bottom: 30px;\n}\n<\/style>\n\t<\/section>\n\t\n\n\t<section class=\"section dark\" id=\"section_1005459164\">\n\t\t<div class=\"section-bg fill\" >\n\t\t\t\t\t\t\t\t\t\n\t\t\t\n\n\t\t<\/div>\n\n\t\t\n\n\t\t<div class=\"section-content relative\">\n\t\t\t\n\n<div class=\"row\"  id=\"row-1755988215\">\n\n\n\t<div id=\"col-1209108936\" class=\"col medium-3 small-12 large-3\"  >\n\t\t\t\t<div class=\"col-inner text-center\"  >\n\t\t\t\n\t\t\t\n\n\n\t\t<\/div>\n\t\t\t\t\t<\/div>\n\n\t\n\n\t<div id=\"col-1574549712\" class=\"col medium-3 small-12 large-3\"  >\n\t\t\t\t<div class=\"col-inner text-center\"  >\n\t\t\t\n\t\t\t\n\n\n\t\t<\/div>\n\t\t\t\t\t<\/div>\n\n\t\n\n\t<div id=\"col-127906640\" class=\"col medium-3 small-12 large-3\"  >\n\t\t\t\t<div class=\"col-inner text-center\"  >\n\t\t\t\n\t\t\t\n\n\n\t\t<\/div>\n\t\t\t\t\t<\/div>\n\n\t\n\n\t<div id=\"col-275968454\" class=\"col medium-3 small-12 large-3\"  >\n\t\t\t\t<div class=\"col-inner text-center\"  >\n\t\t\t\n\t\t\t\n\n\t<div id=\"text-716829948\" class=\"text\">\n\t\t\n\n<h2>H\u00f8rk\u00e6r Massage<\/h2>\n<p>en del af:<\/p>\n<p><h5>M\u00c5L\u00d8V MUSKEL MASSAGE<\/h3>\n<p>\nLiljevangsvej 2, 2760 M\u00e5l\u00f8v<br \/>\nTlf.:31516180<br \/>\nEmail: info@m\u00e5l\u00f8vmuskelmassage.dk<\/p>\n\t\t\n<style>\n#text-716829948 {\n  font-size: 0.85rem;\n}\n<\/style>\n\t<\/div>\n\t\n\n\t\t<\/div>\n\t\t\t\t\t<\/div>\n\n\t\n\n<\/div>\n\n\t\t<\/div>\n\n\t\t\n<style>\n#section_1005459164 {\n  padding-top: 15px;\n  padding-bottom: 15px;\n  background-color: rgb(47, 47, 47);\n}\n<\/style>\n\t<\/section>\n\t\n\n","protected":false},"excerpt":{"rendered":"","protected":false},"author":5,"featured_media":0,"parent":0,"menu_order":0,"comment_status":"closed","ping_status":"closed","template":"page-blank.php","meta":{"footnotes":""},"class_list":["post-2238","page","type-page","status-publish","hentry"],"_links":{"self":[{"href":"https:\/\/mmm.massageimaalov.dk\/index.php?rest_route=\/wp\/v2\/pages\/2238","targetHints":{"allow":["GET"]}}],"collection":[{"href":"https:\/\/mmm.massageimaalov.dk\/index.php?rest_route=\/wp\/v2\/pages"}],"about":[{"href":"https:\/\/mmm.massageimaalov.dk\/index.php?rest_route=\/wp\/v2\/types\/page"}],"author":[{"embeddable":true,"href":"https:\/\/mmm.massageimaalov.dk\/index.php?rest_route=\/wp\/v2\/users\/5"}],"replies":[{"embeddable":true,"href":"https:\/\/mmm.massageimaalov.dk\/index.php?rest_route=%2Fwp%2Fv2%2Fcomments&post=2238"}],"version-history":[{"count":175,"href":"https:\/\/mmm.massageimaalov.dk\/index.php?rest_route=\/wp\/v2\/pages\/2238\/revisions"}],"predecessor-version":[{"id":2820,"href":"https:\/\/mmm.massageimaalov.dk\/index.php?rest_route=\/wp\/v2\/pages\/2238\/revisions\/2820"}],"wp:attachment":[{"href":"https:\/\/mmm.massageimaalov.dk\/index.php?rest_route=%2Fwp%2Fv2%2Fmedia&parent=2238"}],"curies":[{"name":"wp","href":"https:\/\/api.w.org\/{rel}","templated":true}]}}