{"id":2226,"date":"2024-12-09T11:42:44","date_gmt":"2024-12-09T11:42:44","guid":{"rendered":"https:\/\/mmm.massageimaalov.dk\/?page_id=2226"},"modified":"2025-03-16T18:53:51","modified_gmt":"2025-03-16T18:53:51","slug":"rab-2","status":"publish","type":"page","link":"https:\/\/mmm.massageimaalov.dk\/?page_id=2226","title":{"rendered":"RAB"},"content":{"rendered":"\n\n  <div class=\"banner has-hover\" id=\"banner-791799601\">\n          <div class=\"banner-inner fill\">\n        <div class=\"banner-bg fill\" >\n                                                \n                    <\/div>\n\t\t\n        <div class=\"banner-layers container\">\n            <div class=\"fill banner-link\"><\/div>            \n\n   <div id=\"text-box-917282142\" class=\"text-box banner-layer x50 md-x50 lg-x50 y50 md-y50 lg-y50 res-text\">\n                                <div class=\"text-box-content text dark\">\n              \n              <div class=\"text-inner text-center\">\n                  \n\n\t<div id=\"text-891982292\" class=\"text\">\n\t\t\n\n<div class=\"uppercase\"><strong>RAB<\/strong><\/div>\n\t\t\n<style>\n#text-891982292 {\n  font-size: 1.55rem;\n}\n@media (min-width:550px) {\n  #text-891982292 {\n    font-size: 3.5rem;\n  }\n}\n<\/style>\n\t<\/div>\n\t\n\n              <\/div>\n           <\/div>\n                            \n<style>\n#text-box-917282142 {\n  width: 60%;\n}\n#text-box-917282142 .text-box-content {\n  font-size: 100%;\n}\n<\/style>\n    <\/div>\n \n\t<div class=\"img has-hover x50 md-x50 lg-x50 y50 md-y50 lg-y50\" id=\"image_1916085085\">\n\t\t\t\t\t\t\t\t<div class=\"img-inner dark\" >\n\t\t\t<img loading=\"lazy\" decoding=\"async\" width=\"1440\" height=\"250\" src=\"https:\/\/mmm.massageimaalov.dk\/wp-content\/uploads\/2024\/12\/RAB-logo-frit5.png\" class=\"attachment-original size-original\" alt=\"\" srcset=\"https:\/\/mmm.massageimaalov.dk\/wp-content\/uploads\/2024\/12\/RAB-logo-frit5.png 1440w, https:\/\/mmm.massageimaalov.dk\/wp-content\/uploads\/2024\/12\/RAB-logo-frit5-300x52.png 300w, https:\/\/mmm.massageimaalov.dk\/wp-content\/uploads\/2024\/12\/RAB-logo-frit5-1024x178.png 1024w, https:\/\/mmm.massageimaalov.dk\/wp-content\/uploads\/2024\/12\/RAB-logo-frit5-768x133.png 768w\" sizes=\"auto, (max-width: 1440px) 100vw, 1440px\" \/>\t\t\t\t\t\t\n\t\t\t\t\t<\/div>\n\t\t\t\t\t\t\t\t\n<style>\n#image_1916085085 {\n  width: 90%;\n}\n@media (min-width:550px) {\n  #image_1916085085 {\n    width: 69%;\n  }\n}\n<\/style>\n\t<\/div>\n\t\n\n\n        <\/div>\n      <\/div>\n\n            \n<style>\n#banner-791799601 {\n  padding-top: 125px;\n}\n@media (min-width:550px) {\n  #banner-791799601 {\n    padding-top: 300px;\n  }\n}\n<\/style>\n  <\/div>\n\n\n\n\t<section class=\"section\" id=\"section_1947335815\">\n\t\t<div class=\"section-bg fill\" >\n\t\t\t\t\t\t\t\t\t\n\t\t\t\n\n\t\t<\/div>\n\n\t\t\n\n\t\t<div class=\"section-content relative\">\n\t\t\t\n\n<div class=\"row row-full-width\"  id=\"row-680256481\">\n\n\n\t<div id=\"col-1281769507\" class=\"col hide-for-small medium-1 small-12 large-1\"  >\n\t\t\t\t<div class=\"col-inner\"  >\n\t\t\t\n\t\t\t\n\n\n\t\t<\/div>\n\t\t\t\t\t<\/div>\n\n\t\n\n\t<div id=\"col-62493336\" class=\"col medium-10 small-12 large-10\"  >\n\t\t\t\t<div class=\"col-inner\" style=\"background-color:rgb(255,255,255);\" >\n\t\t\t\n\t\t\t\n\n\t<div id=\"text-2510519186\" class=\"text col-padding-left-right-top\">\n\t\t\n\n<h3 class=\"uppercase\">Brug din sundhedsforsikring hos M\u00e5l\u00f8v Muskel Massage<\/h3>\n<div>Har du en sundhedsforsikring eller en sundhedsordning \u2013 privat eller via din arbejdsplads \u2013 der d\u00e6kker fysiurgisk massage? I de fleste tilf\u00e6lde kan du benytte min klinik til behandlinger.<\/div>\n<div>Din aftale med forsikringsselskabet afg\u00f8r:<\/div>\n<div>\u2022 \u00a0Om du er d\u00e6kket<\/div>\n<div>\u2022 \u00a0Hvor mange behandlinger du kan f\u00e5<\/div>\n<div>\u2022 \u00a0Om tilskuddet er helt eller delvist<\/div>\n<div>\u00a0<\/div>\n<div><strong>Vigtigt:<\/strong> Inden du bestiller tid, anbefaler jeg, at du kontakter dit forsikrings- eller pensionsselskab for at f\u00e5 godkendt behandlingen og f\u00e5 information om d\u00e6kning, tilskud og afregning.<\/div>\n<div>\u00a0<\/div>\n<h5>Hvad er en RAB-behandler?<\/h5>\n<p>En RAB-behandler (Registreret Alternativ Behandler) er en behandler, der opfylder de krav, som Styrelsen for Patientsikkerhed og brancheorganisationerne har fastsat. RAB-titlen er en beskyttet titel og en offentlig anerkendt standard inden for alternativ behandling.<br \/>For at v\u00e6re RAB-registreret skal behandleren leve op til strenge krav om uddannelse, etik og efteruddannelse.<\/p>\n<h5>RAB-registreret hos Dansk Behandlerforbund<\/h5>\n<p>Jeg er RAB-registreret hos Dansk Behandlerforbund og opfylder alle uddannelseskrav, som forsikrings- og pensionsselskaber stiller til mass\u00f8rer i forbindelse med behandling via sundhedsforsikringer og sundhedsordninger.<br \/>Dansk Behandlerforbund er en godkendt tv\u00e6rfaglig brancheforening inden for sundhedspleje og arbejder for h\u00f8j etisk standard samt synlighed i behandleres uddannelsesniveau. Som klient hos mig er du sikret en professionel og tryg behandling.<\/p>\n<h5>Dansk behandlerforbund<\/h5>\n<p>Dansk Behandlerforbund er en godkendt tv\u00e6rfaglig brancheforening for behandlere og skoler indenfor sundhedspleje under skat, sundhedsstyrelsen og styrelsen for patientsikkerhed.<\/p>\n<p>Dansk Behandlerforbund er klientens tryghedsgaranti for en etisk behandlingsstandard og synlig uddannelsesstandard.<\/p>\n<div>Flere forsikringsselskaber d\u00e6kker fysiurgisk massage, herunder:<\/div>\n<div>\u2022 \u00a0Sygeforsikringen &#8220;danmark&#8221;<\/div>\n<div>\u2022 \u00a0Gjensidige Forsikring<\/div>\n<div>\u2022 \u00a0Dansk Sundhedssikring<\/div>\n<div>\u2022 \u00a0Runa Forsikring<\/div>\n<div>\u2022 \u00a0L\u00e6rerstandens Brandforsikring<\/div>\n<div>\u2022 \u00a0Alm. Brand<\/div>\n<div>\u2022 \u00a0Bauta Forsikring<\/div>\n<div>\u2022 \u00a0AP Pension<\/div>\n<div>\u2022 \u00a0PenSam<\/div>\n<div>\u00a0<\/div>\n<div><strong>Bem\u00e6rk<\/strong>: D\u00e6kning og tilskud varierer afh\u00e6ngigt af din forsikringsaftale. Kontakt dit forsikringsselskab for pr\u00e6cise oplysninger.<\/div>\n<div>\u00a0<\/div>\n<div><em>&#8220;Oplysningerne er vejledende og kan \u00e6ndres. Kontakt dit forsikringsselskab for de nyeste oplysninger.&#8221;<\/em><\/div>\n<div>\u00a0<\/div>\n<div>\u00a0<\/div>\n\n\t\t\t<\/div>\n\t\n\n\t\t<\/div>\n\t\t\t\t\t<\/div>\n\n\t\n\n\t<div id=\"col-1320041917\" class=\"col hide-for-small medium-1 small-12 large-1\"  >\n\t\t\t\t<div class=\"col-inner\"  >\n\t\t\t\n\t\t\t\n\n\n\t\t<\/div>\n\t\t\t\t\t<\/div>\n\n\t\n\n<\/div>\n<div class=\"row row-full-width align-center hide-for-small\"  id=\"row-1614099348\">\n\n\n<\/div>\n\n\t\t<\/div>\n\n\t\t\n<style>\n#section_1947335815 {\n  padding-top: 30px;\n  padding-bottom: 30px;\n  background-color: rgb(229, 152, 84);\n}\n<\/style>\n\t<\/section>\n\t\n\n","protected":false},"excerpt":{"rendered":"","protected":false},"author":5,"featured_media":0,"parent":0,"menu_order":0,"comment_status":"closed","ping_status":"closed","template":"page-blank.php","meta":{"footnotes":""},"class_list":["post-2226","page","type-page","status-publish","hentry"],"_links":{"self":[{"href":"https:\/\/mmm.massageimaalov.dk\/index.php?rest_route=\/wp\/v2\/pages\/2226","targetHints":{"allow":["GET"]}}],"collection":[{"href":"https:\/\/mmm.massageimaalov.dk\/index.php?rest_route=\/wp\/v2\/pages"}],"about":[{"href":"https:\/\/mmm.massageimaalov.dk\/index.php?rest_route=\/wp\/v2\/types\/page"}],"author":[{"embeddable":true,"href":"https:\/\/mmm.massageimaalov.dk\/index.php?rest_route=\/wp\/v2\/users\/5"}],"replies":[{"embeddable":true,"href":"https:\/\/mmm.massageimaalov.dk\/index.php?rest_route=%2Fwp%2Fv2%2Fcomments&post=2226"}],"version-history":[{"count":15,"href":"https:\/\/mmm.massageimaalov.dk\/index.php?rest_route=\/wp\/v2\/pages\/2226\/revisions"}],"predecessor-version":[{"id":2836,"href":"https:\/\/mmm.massageimaalov.dk\/index.php?rest_route=\/wp\/v2\/pages\/2226\/revisions\/2836"}],"wp:attachment":[{"href":"https:\/\/mmm.massageimaalov.dk\/index.php?rest_route=%2Fwp%2Fv2%2Fmedia&parent=2226"}],"curies":[{"name":"wp","href":"https:\/\/api.w.org\/{rel}","templated":true}]}}