{"id":2160,"date":"2024-12-08T11:31:07","date_gmt":"2024-12-08T11:31:07","guid":{"rendered":"https:\/\/mmm.massageimaalov.dk\/?page_id=2160"},"modified":"2025-03-16T17:03:34","modified_gmt":"2025-03-16T17:03:34","slug":"cupping-3","status":"publish","type":"page","link":"https:\/\/mmm.massageimaalov.dk\/?page_id=2160","title":{"rendered":"Cupping"},"content":{"rendered":"\n\n  <div class=\"banner has-hover\" id=\"banner-1819071979\">\n          <div class=\"banner-inner fill\">\n        <div class=\"banner-bg fill\" >\n                                                \n                    <\/div>\n\t\t\n        <div class=\"banner-layers container\">\n            <div class=\"fill banner-link\"><\/div>            \n\n   <div id=\"text-box-1565597586\" class=\"text-box banner-layer x50 md-x50 lg-x50 y50 md-y50 lg-y50 res-text\">\n                                <div class=\"text-box-content text dark\">\n              \n              <div class=\"text-inner text-center\">\n                  \n\n\t<div id=\"text-674334661\" class=\"text\">\n\t\t\n\n<div class=\"uppercase\"><strong>Cupping<\/strong><\/div>\n\t\t\n<style>\n#text-674334661 {\n  font-size: 1.55rem;\n}\n@media (min-width:550px) {\n  #text-674334661 {\n    font-size: 3.5rem;\n  }\n}\n<\/style>\n\t<\/div>\n\t\n\n              <\/div>\n           <\/div>\n                            \n<style>\n#text-box-1565597586 {\n  width: 60%;\n}\n#text-box-1565597586 .text-box-content {\n  font-size: 100%;\n}\n<\/style>\n    <\/div>\n \n\n        <\/div>\n      <\/div>\n\n            \n<style>\n#banner-1819071979 {\n  padding-top: 125px;\n}\n@media (min-width:550px) {\n  #banner-1819071979 {\n    padding-top: 300px;\n  }\n}\n<\/style>\n  <\/div>\n\n\n\n\t<section class=\"section\" id=\"section_538158359\">\n\t\t<div class=\"section-bg fill\" >\n\t\t\t\t\t\t\t\t\t\n\t\t\t\n\n\t\t<\/div>\n\n\t\t\n\n\t\t<div class=\"section-content relative\">\n\t\t\t\n\n<div class=\"row row-full-width\"  id=\"row-896408677\">\n\n\n\t<div id=\"col-253138288\" class=\"col hide-for-small medium-1 small-12 large-1\"  >\n\t\t\t\t<div class=\"col-inner\"  >\n\t\t\t\n\t\t\t\n\n\n\t\t<\/div>\n\t\t\t\t\t<\/div>\n\n\t\n\n\t<div id=\"col-1631642708\" class=\"col medium-10 small-12 large-10\"  >\n\t\t\t\t<div class=\"col-inner\" style=\"background-color:rgb(255, 255, 255);\" >\n\t\t\t\n\t\t\t\n\n\t<div id=\"text-1095459381\" class=\"text col-padding-left-right-top\">\n\t\t\n\n<h3>CUPPING \u2013 EN NATURLIG BEHANDLING FOR KROPPEN<\/h3>\n<p>Cupping er en traditionel behandlingsmetode, der bruges til at \u00f8ge blodcirkulationen, reducere muskelsp\u00e6ndinger og underst\u00f8tte kroppens naturlige helingsproces. Behandlingen foreg\u00e5r ved at placere sm\u00e5 kopper p\u00e5 huden og skabe et vakuum ved hj\u00e6lp af en pumpe. Dette vakuum l\u00f8fter v\u00e6vet og stimulerer blodgennemstr\u00f8mningen, hvilket hj\u00e6lper med at frig\u00f8re sp\u00e6ndinger, reducere inflammation og fremme kroppens udrensning.<br \/>Cupping er en sk\u00e5nsom, ikke-invasiv metode, der let kan tilpasses individuelle behov og kan bruges b\u00e5de til afslapning og m\u00e5lrettet behandling.<\/p>\n<p><strong>Hvad kan cupping hj\u00e6lpe med?<\/strong><\/p>\n<ul>\n<li>\u2705 \u00a0Lindring af muskelsp\u00e6ndinger og \u00f8mhed\u2028<\/li>\n<li>\u2705 \u00a0Behandling af sportsskader som forstr\u00e6kninger og stive muskler\u2028<\/li>\n<li>\u2705 \u00a0Forbedret blodcirkulation og udrensning af affaldsstoffe<\/li>\n<li>\u2028\u2705 \u00a0Afhj\u00e6lpning af sp\u00e6ndingshovedpine og migr\u00e6ne<\/li>\n<li><span style=\"color: #555555; font-size: 14.4px;\">\u2028\u2705 \u00a0Reducering af stress og forbedring af generelt velv\u00e6re<\/span><\/li>\n<\/ul>\n<p><strong>Fordele ved cupping<\/strong><\/p>\n<ul>\n<li>\u2714\ufe0f L\u00f8sner dybe muskelsp\u00e6ndinger\u2028<\/li>\n<li>\u2714\ufe0f Hurtigere restitution efter fysisk aktivitet\u2028<\/li>\n<li>\u2714\ufe0f \u00d8ger fleksibilitet og bev\u00e6gelighed\u2028<\/li>\n<li>\u2714\ufe0f Fremmer kroppens naturlige helingsproces<\/li>\n<\/ul>\n\t\t\t<\/div>\n\t\n\t<div id=\"stack-1658319236\" class=\"stack stack-row justify-start items-stretch\">\n\t\t\n\n<div class=\"row row-collapse row-full-width\"  id=\"row-1242904762\">\n\n\n\t<div id=\"col-259654848\" class=\"col large-12\"  >\n\t\t\t\t<div class=\"col-inner\"  >\n\t\t\t\n\t\t\t\n\n\t<div id=\"text-3301846657\" class=\"text col-padding-left-right-top\">\n\t\t\n\n<p><strong>Hvordan foreg\u00e5r en cupping-behandling?<\/strong><\/p>\n<p>Ved en cupping-behandling placeres kopperne station\u00e6rt p\u00e5 huden og bliver siddende i 20 minutter, mens de sk\u00e5nsomt skaber et vakuum, der stimulerer blodcirkulationen og afsp\u00e6nder muskulaturen.<br \/>N\u00e5r kopperne er sat p\u00e5, bliver du d\u00e6kket med et h\u00e5ndkl\u00e6de og kan slappe helt af. Du ligger alene i rummet og kan nyde roen, mens der spilles afslappende musik. Mange oplever denne tid som en dybt beroligende pause fra hverdagen.<br \/>Efter de 20 minutter fjernes kopperne forsigtigt, og behandlingen afsluttes.<\/p>\n\t\t\t<\/div>\n\t\n\n\t\t<\/div>\n\t\t\t\t\t<\/div>\n\n\t\n\n<\/div>\n\n\t\t\n<style>\n#stack-1658319236 > * {\n  --stack-gap: 0rem;\n}\n<\/style>\n\t<\/div>\n\t\n\t<div id=\"text-3113626260\" class=\"text col-padding-left-right-top\">\n\t\t\n\n<p><strong>M\u00e6rker efter cupping \u2013 helt naturligt og ufarligt<\/strong><\/p>\n<p>Efter en cupping-behandling kan der opst\u00e5 m\u00f8rke m\u00e6rker p\u00e5 huden. Disse m\u00e6rker skyldes vakuumeffekten, som tr\u00e6kker blod op til hudens overflade og stimulerer blodcirkulationen.<\/p>\n<p><strong>Hvad betyder m\u00e6rkerne?<\/strong><\/p>\n<p>\ud83d\udd39<strong> Farve og intensitet:<\/strong> M\u00e6rkerne kan variere i farve fra lys rosa til m\u00f8rkere lilla. Jo m\u00f8rkere m\u00e6rket er, desto mere stagnation eller sp\u00e6nding var der i omr\u00e5det.<\/p>\n<p>\ud83d\udd39 <strong>Varighed:<\/strong> M\u00e6rkerne forsvinder typisk inden for 3-7 dage, afh\u00e6ngigt af kroppens helingsproces.<\/p>\n<p>\ud83d\udd39 <strong>Er m\u00e6rkerne smertefulde?<\/strong> Nej, m\u00e6rkerne g\u00f8r ikke ondt. De kan dog f\u00f8les let varme eller \u00f8mme, is\u00e6r hvis der var meget sp\u00e6nding i omr\u00e5det f\u00f8r behandlingen.<\/p>\n<p>\ud83d\udd39<strong> Er m\u00e6rkerne farlige?<\/strong> Nej, de er en helt naturlig reaktion og et tegn p\u00e5, at behandlingen har stimuleret blodcirkulationen.<\/p>\n<p>Hvis du har sp\u00f8rgsm\u00e5l eller bekymringer, er du altid velkommen til at sp\u00f8rge \u2013 jeg vil gerne sikre, at du f\u00f8ler dig tryg b\u00e5de under og efter behandlingen.<\/p>\n\t\t\t<\/div>\n\t\n<div class=\"row hide-for-small\"  id=\"row-1291440566\">\n\n\n\t<div id=\"col-878698415\" class=\"col small-12 large-12\"  >\n\t\t\t\t<div class=\"col-inner text-center\"  >\n\t\t\t\n\t\t\t\n\n\n\t\t<\/div>\n\t\t\t\t\t<\/div>\n\n\t\n\n<\/div>\n\n\t\t<\/div>\n\t\t\t\t\t<\/div>\n\n\t\n\n\t<div id=\"col-94938925\" class=\"col hide-for-small medium-1 small-12 large-1\"  >\n\t\t\t\t<div class=\"col-inner\"  >\n\t\t\t\n\t\t\t\n\n\n\t\t<\/div>\n\t\t\t\t\t<\/div>\n\n\t\n\n<\/div>\n<div class=\"row row-full-width align-center\"  id=\"row-2083945524\">\n\n\n\t<div id=\"col-1765260916\" class=\"col medium-10 small-12 large-10\"  >\n\t\t\t\t<div class=\"col-inner text-center\" style=\"background-color:rgb(255,255,255);\" >\n\t\t\t\n\t\t\t\n\n<a href=\"\/?page_id=108\" class=\"button primary\"  >\n\t\t<span>Book her<\/span>\n\t<\/a>\n\n\n\n\t\t<\/div>\n\t\t\t\t\n<style>\n#col-1765260916 > .col-inner {\n  margin: -30px 0px 0px 0px;\n}\n<\/style>\n\t<\/div>\n\n\t\n\n<\/div>\n\n\t\t<\/div>\n\n\t\t\n<style>\n#section_538158359 {\n  padding-top: 30px;\n  padding-bottom: 30px;\n  background-color: rgb(229, 152, 84);\n}\n<\/style>\n\t<\/section>\n\t\n\n","protected":false},"excerpt":{"rendered":"","protected":false},"author":5,"featured_media":0,"parent":0,"menu_order":0,"comment_status":"closed","ping_status":"closed","template":"page-blank.php","meta":{"footnotes":""},"class_list":["post-2160","page","type-page","status-publish","hentry"],"_links":{"self":[{"href":"https:\/\/mmm.massageimaalov.dk\/index.php?rest_route=\/wp\/v2\/pages\/2160","targetHints":{"allow":["GET"]}}],"collection":[{"href":"https:\/\/mmm.massageimaalov.dk\/index.php?rest_route=\/wp\/v2\/pages"}],"about":[{"href":"https:\/\/mmm.massageimaalov.dk\/index.php?rest_route=\/wp\/v2\/types\/page"}],"author":[{"embeddable":true,"href":"https:\/\/mmm.massageimaalov.dk\/index.php?rest_route=\/wp\/v2\/users\/5"}],"replies":[{"embeddable":true,"href":"https:\/\/mmm.massageimaalov.dk\/index.php?rest_route=%2Fwp%2Fv2%2Fcomments&post=2160"}],"version-history":[{"count":35,"href":"https:\/\/mmm.massageimaalov.dk\/index.php?rest_route=\/wp\/v2\/pages\/2160\/revisions"}],"predecessor-version":[{"id":2804,"href":"https:\/\/mmm.massageimaalov.dk\/index.php?rest_route=\/wp\/v2\/pages\/2160\/revisions\/2804"}],"wp:attachment":[{"href":"https:\/\/mmm.massageimaalov.dk\/index.php?rest_route=%2Fwp%2Fv2%2Fmedia&parent=2160"}],"curies":[{"name":"wp","href":"https:\/\/api.w.org\/{rel}","templated":true}]}}