{"id":2149,"date":"2024-12-06T20:00:07","date_gmt":"2024-12-06T20:00:07","guid":{"rendered":"https:\/\/mmm.massageimaalov.dk\/?page_id=2149"},"modified":"2025-03-23T19:04:45","modified_gmt":"2025-03-23T19:04:45","slug":"forside","status":"publish","type":"page","link":"https:\/\/mmm.massageimaalov.dk\/","title":{"rendered":"Forside"},"content":{"rendered":"\n<div class=\"slider-wrapper relative\" id=\"slider-507098430\" >\n    <div class=\"slider slider-nav-circle slider-nav-large slider-nav-light slider-style-normal\"\n        data-flickity-options='{\n            \"cellAlign\": \"center\",\n            \"imagesLoaded\": true,\n            \"lazyLoad\": 1,\n            \"freeScroll\": false,\n            \"wrapAround\": true,\n            \"autoPlay\": 6000,\n            \"pauseAutoPlayOnHover\" : true,\n            \"prevNextButtons\": false,\n            \"contain\" : true,\n            \"adaptiveHeight\" : true,\n            \"dragThreshold\" : 10,\n            \"percentPosition\": true,\n            \"pageDots\": false,\n            \"rightToLeft\": false,\n            \"draggable\": true,\n            \"selectedAttraction\": 0.1,\n            \"parallax\" : 0,\n            \"friction\": 0.6        }'\n        >\n        \n\n\n  <div class=\"banner has-hover\" id=\"banner-1800958404\">\n          <div class=\"banner-inner fill\">\n        <div class=\"banner-bg fill\" >\n            <img loading=\"lazy\" decoding=\"async\" width=\"1020\" height=\"420\" src=\"https:\/\/mmm.massageimaalov.dk\/wp-content\/uploads\/2025\/03\/1-1024x422.jpg\" class=\"bg attachment-large size-large\" alt=\"\" \/>                        <div class=\"overlay\"><\/div>            \n                    <\/div>\n\t\t\n        <div class=\"banner-layers container\">\n            <div class=\"fill banner-link\"><\/div>            \n\n   <div id=\"text-box-104130062\" class=\"text-box banner-layer x50 md-x50 lg-x50 y50 md-y50 lg-y50 res-text\">\n                                <div class=\"text-box-content text dark\">\n              \n              <div class=\"text-inner text-center\">\n                  \n\n\t<div id=\"text-382010525\" class=\"text\">\n\t\t\n\n<h6 ><strong>M\u00e5l\u00f8v Muskel Massage<\/strong><\/h6>\n\t\t\n<style>\n#text-382010525 {\n  font-size: 1.5rem;\n  text-align: center;\n}\n@media (min-width:550px) {\n  #text-382010525 {\n    font-size: 4rem;\n  }\n}\n<\/style>\n\t<\/div>\n\t\n<a href=\"\/?page_id=108\" class=\"button primary is-shade box-shadow-3 box-shadow-5-hover\"  style=\"border-radius:5px;\">\n\t\t<span>Book her<\/span>\n\t<\/a>\n\n\n\n              <\/div>\n           <\/div>\n                            \n<style>\n#text-box-104130062 {\n  width: 100%;\n}\n#text-box-104130062 .text-box-content {\n  font-size: 100%;\n}\n@media (min-width:550px) {\n  #text-box-104130062 {\n    width: 100%;\n  }\n}\n<\/style>\n    <\/div>\n \n\n        <\/div>\n      <\/div>\n\n            \n<style>\n#banner-1800958404 {\n  padding-top: 40%;\n}\n#banner-1800958404 .overlay {\n  background-color: rgba(0, 0, 0, 0.17);\n}\n#banner-1800958404 .banner-bg img {\n  object-position: 0% 100%;\n}\n@media (min-width:550px) {\n  #banner-1800958404 {\n    padding-top: 31%;\n  }\n}\n<\/style>\n  <\/div>\n\n\n\n  <div class=\"banner has-hover\" id=\"banner-1591265452\">\n          <div class=\"banner-inner fill\">\n        <div class=\"banner-bg fill\" >\n            <img loading=\"lazy\" decoding=\"async\" width=\"1020\" height=\"420\" src=\"https:\/\/mmm.massageimaalov.dk\/wp-content\/uploads\/2025\/03\/2-1024x422.jpg\" class=\"bg attachment-large size-large\" alt=\"\" \/>                        <div class=\"overlay\"><\/div>            \n                    <\/div>\n\t\t\n        <div class=\"banner-layers container\">\n            <div class=\"fill banner-link\"><\/div>            \n\n   <div id=\"text-box-2040303181\" class=\"text-box banner-layer x50 md-x50 lg-x50 y50 md-y50 lg-y50 res-text\">\n                                <div class=\"text-box-content text dark\">\n              \n              <div class=\"text-inner text-center\">\n                  \n\n\t<div id=\"text-3765240890\" class=\"text\">\n\t\t\n\n<h6 ><strong>M\u00e5l\u00f8v Muskel Massage<\/strong><\/h6>\n\t\t\n<style>\n#text-3765240890 {\n  font-size: 1.5rem;\n  text-align: center;\n}\n@media (min-width:550px) {\n  #text-3765240890 {\n    font-size: 4rem;\n  }\n}\n<\/style>\n\t<\/div>\n\t\n<a href=\"https:\/\/mmm.massageimaalov.dk\/?page_id=108\" class=\"button primary is-shade box-shadow-3 box-shadow-5-hover\"  style=\"border-radius:5px;\">\n\t\t<span>Book her<\/span>\n\t<\/a>\n\n\n\n              <\/div>\n           <\/div>\n                            \n<style>\n#text-box-2040303181 {\n  width: 100%;\n}\n#text-box-2040303181 .text-box-content {\n  font-size: 100%;\n}\n@media (min-width:550px) {\n  #text-box-2040303181 {\n    width: 100%;\n  }\n}\n<\/style>\n    <\/div>\n \n\n        <\/div>\n      <\/div>\n\n            \n<style>\n#banner-1591265452 {\n  padding-top: 40%;\n}\n#banner-1591265452 .overlay {\n  background-color: rgba(0, 0, 0, 0.17);\n}\n@media (min-width:550px) {\n  #banner-1591265452 {\n    padding-top: 31%;\n  }\n}\n<\/style>\n  <\/div>\n\n\n\n  <div class=\"banner has-hover\" id=\"banner-1638768960\">\n          <div class=\"banner-inner fill\">\n        <div class=\"banner-bg fill\" >\n            <img loading=\"lazy\" decoding=\"async\" width=\"1020\" height=\"420\" src=\"https:\/\/mmm.massageimaalov.dk\/wp-content\/uploads\/2025\/03\/5-1024x422.jpg\" class=\"bg attachment-large size-large\" alt=\"\" \/>                        <div class=\"overlay\"><\/div>            \n                    <\/div>\n\t\t\n        <div class=\"banner-layers container\">\n            <div class=\"fill banner-link\"><\/div>            \n\n   <div id=\"text-box-1469371419\" class=\"text-box banner-layer x50 md-x50 lg-x50 y50 md-y50 lg-y50 res-text\">\n                                <div class=\"text-box-content text dark\">\n              \n              <div class=\"text-inner text-center\">\n                  \n\n\t<div id=\"text-2922498598\" class=\"text\">\n\t\t\n\n<h6 ><strong>M\u00e5l\u00f8v Muskel Massage<\/strong><\/h6>\n\t\t\n<style>\n#text-2922498598 {\n  font-size: 1.5rem;\n  text-align: center;\n}\n@media (min-width:550px) {\n  #text-2922498598 {\n    font-size: 4rem;\n  }\n}\n<\/style>\n\t<\/div>\n\t\n<a href=\"https:\/\/mmm.massageimaalov.dk\/?page_id=108\" class=\"button primary is-shade box-shadow-3 box-shadow-5-hover\"  style=\"border-radius:5px;\">\n\t\t<span>Book her<\/span>\n\t<\/a>\n\n\n\n              <\/div>\n           <\/div>\n                            \n<style>\n#text-box-1469371419 {\n  width: 100%;\n}\n#text-box-1469371419 .text-box-content {\n  font-size: 100%;\n}\n@media (min-width:550px) {\n  #text-box-1469371419 {\n    width: 100%;\n  }\n}\n<\/style>\n    <\/div>\n \n\n        <\/div>\n      <\/div>\n\n            \n<style>\n#banner-1638768960 {\n  padding-top: 40%;\n}\n#banner-1638768960 .overlay {\n  background-color: rgba(0, 0, 0, 0.17);\n}\n#banner-1638768960 .banner-bg img {\n  object-position: 25% 49%;\n}\n@media (min-width:550px) {\n  #banner-1638768960 {\n    padding-top: 31%;\n  }\n}\n<\/style>\n  <\/div>\n\n\n\n  <div class=\"banner has-hover\" id=\"banner-279360897\">\n          <div class=\"banner-inner fill\">\n        <div class=\"banner-bg fill\" >\n            <img loading=\"lazy\" decoding=\"async\" width=\"1020\" height=\"420\" src=\"https:\/\/mmm.massageimaalov.dk\/wp-content\/uploads\/2025\/03\/4-1024x422.jpg\" class=\"bg attachment-large size-large\" alt=\"\" \/>                        <div class=\"overlay\"><\/div>            \n                    <\/div>\n\t\t\n        <div class=\"banner-layers container\">\n            <div class=\"fill banner-link\"><\/div>            \n\n   <div id=\"text-box-2008852917\" class=\"text-box banner-layer x50 md-x50 lg-x50 y50 md-y50 lg-y50 res-text\">\n                                <div class=\"text-box-content text dark\">\n              \n              <div class=\"text-inner text-center\">\n                  \n\n\t<div id=\"text-935488414\" class=\"text\">\n\t\t\n\n<h6 ><strong>M\u00e5l\u00f8v Muskel Massage<\/strong><\/h6>\n\t\t\n<style>\n#text-935488414 {\n  font-size: 1.5rem;\n  text-align: center;\n}\n@media (min-width:550px) {\n  #text-935488414 {\n    font-size: 4rem;\n  }\n}\n<\/style>\n\t<\/div>\n\t\n<a href=\"https:\/\/mmm.massageimaalov.dk\/?page_id=108\" class=\"button primary is-shade box-shadow-3 box-shadow-5-hover\"  style=\"border-radius:5px;\">\n\t\t<span>Book her<\/span>\n\t<\/a>\n\n\n\n              <\/div>\n           <\/div>\n                            \n<style>\n#text-box-2008852917 {\n  width: 100%;\n}\n#text-box-2008852917 .text-box-content {\n  font-size: 100%;\n}\n@media (min-width:550px) {\n  #text-box-2008852917 {\n    width: 100%;\n  }\n}\n<\/style>\n    <\/div>\n \n\n        <\/div>\n      <\/div>\n\n            \n<style>\n#banner-279360897 {\n  padding-top: 40%;\n}\n#banner-279360897 .overlay {\n  background-color: rgba(0, 0, 0, 0.17);\n}\n#banner-279360897 .banner-bg img {\n  object-position: 17% 100%;\n}\n@media (min-width:550px) {\n  #banner-279360897 {\n    padding-top: 31%;\n  }\n}\n<\/style>\n  <\/div>\n\n\n\n  <div class=\"banner has-hover\" id=\"banner-1230200469\">\n          <div class=\"banner-inner fill\">\n        <div class=\"banner-bg fill\" >\n            <img loading=\"lazy\" decoding=\"async\" width=\"1020\" height=\"420\" src=\"https:\/\/mmm.massageimaalov.dk\/wp-content\/uploads\/2025\/03\/3-1024x422.jpg\" class=\"bg attachment-large size-large\" alt=\"\" \/>                        <div class=\"overlay\"><\/div>            \n                    <\/div>\n\t\t\n        <div class=\"banner-layers container\">\n            <div class=\"fill banner-link\"><\/div>            \n\n   <div id=\"text-box-283946493\" class=\"text-box banner-layer x50 md-x50 lg-x50 y50 md-y50 lg-y50 res-text\">\n                                <div class=\"text-box-content text dark\">\n              \n              <div class=\"text-inner text-center\">\n                  \n\n\t<div id=\"text-198810530\" class=\"text\">\n\t\t\n\n<h6 ><strong>M\u00e5l\u00f8v Muskel Massage<\/strong><\/h6>\n\t\t\n<style>\n#text-198810530 {\n  font-size: 1.5rem;\n  text-align: center;\n}\n@media (min-width:550px) {\n  #text-198810530 {\n    font-size: 4rem;\n  }\n}\n<\/style>\n\t<\/div>\n\t\n<a href=\"https:\/\/mmm.massageimaalov.dk\/?page_id=108\" class=\"button primary is-shade box-shadow-3 box-shadow-5-hover\"  style=\"border-radius:5px;\">\n\t\t<span>Book her<\/span>\n\t<\/a>\n\n\n\n              <\/div>\n           <\/div>\n                            \n<style>\n#text-box-283946493 {\n  width: 100%;\n}\n#text-box-283946493 .text-box-content {\n  font-size: 100%;\n}\n@media (min-width:550px) {\n  #text-box-283946493 {\n    width: 100%;\n  }\n}\n<\/style>\n    <\/div>\n \n\n        <\/div>\n      <\/div>\n\n            \n<style>\n#banner-1230200469 {\n  padding-top: 40%;\n}\n#banner-1230200469 .overlay {\n  background-color: rgba(0, 0, 0, 0.17);\n}\n#banner-1230200469 .banner-bg img {\n  object-position: 0% 100%;\n}\n@media (min-width:550px) {\n  #banner-1230200469 {\n    padding-top: 31%;\n  }\n}\n<\/style>\n  <\/div>\n\n\n\n     <\/div>\n\n     <div class=\"loading-spin dark large centered\"><\/div>\n\n\t<\/div>\n\n\n\n\t<section class=\"section\" id=\"section_2066677703\">\n\t\t<div class=\"section-bg fill\" >\n\t\t\t\t\t\t\t\t\t\n\t\t\t\n\n\t\t<\/div>\n\n\t\t\n\n\t\t<div class=\"section-content relative\">\n\t\t\t\n\n<div class=\"row row-small align-equal\"  id=\"row-1740600124\">\n\n\n\t<div id=\"col-176737324\" class=\"col medium-3 small-6 large-3\"  >\n\t\t\t\t<div class=\"col-inner text-center\"  >\n\t\t\t\n\t\t\t\n\n\n\t\t<div class=\"icon-box featured-box icon-box-center text-center is-small\"  >\n\t\t\t\t<div class=\"icon-box-text last-reset\">\n\t\t\t\t\t\t\t\t\t\n\n<div class=\"row row-large\"  id=\"row-357449363\">\n\n\n\t<div id=\"col-2104413132\" class=\"col small-12 large-12 medium-col-first\"  >\n\t\t\t\t<div class=\"col-inner text-center dark\"  >\n\t\t\t\n\t\t\t\n\n\t<div id=\"text-676174074\" class=\"text\">\n\t\t\n\n<h2 class=\"uppercase\">Velv\u00e6re massage<\/h2>\n\t\t\n<style>\n#text-676174074 {\n  line-height: 2;\n  text-align: center;\n}\n<\/style>\n\t<\/div>\n\t\n\n\t\t<\/div>\n\t\t\t\t\n<style>\n#col-2104413132 > .col-inner {\n  padding: 20px 20px 20px 20px;\n}\n@media (min-width:550px) {\n  #col-2104413132 > .col-inner {\n    padding: 40px 20px 40px 20px;\n  }\n}\n<\/style>\n\t<\/div>\n\n\t\n\n\n<style>\n#row-357449363 > .col > .col-inner {\n  background-color: #7a9c59;\n}\n<\/style>\n<\/div>\n\t<div id=\"text-698716015\" class=\"text\">\n\t\t\n\n<p>Velv\u00e6re massage giver afslapning, reducerer stress og \u00f8ger dit generelle velbefindende. En behandling, der giver fornyet energi og lindrer sp\u00e6ndinger..<br \/>&nbsp;<br \/>&nbsp;<\/p>\n\t\t\n<style>\n#text-698716015 {\n  font-size: 0.9rem;\n  text-align: center;\n}\n@media (min-width:550px) {\n  #text-698716015 {\n    font-size: 1rem;\n  }\n}\n<\/style>\n\t<\/div>\n\t\n<a href=\"\/?page_id=2678\" class=\"button primary balign\"  >\n\t\t<span>L\u00e6s mere<\/span>\n\t<\/a>\n\n\n\n\t\t<\/div>\n\t<\/div>\n\t\n\t\n\n\t\t<\/div>\n\t\t\t\t\n<style>\n#col-176737324 > .col-inner {\n  padding: 0px 0px 0px 0px;\n  margin: 0px 0px 0px 0px;\n}\n<\/style>\n\t<\/div>\n\n\t\n\n\t<div id=\"col-1742701726\" class=\"col medium-3 small-6 large-3\"  >\n\t\t\t\t<div class=\"col-inner\"  >\n\t\t\t\n\t\t\t\n\n\n\t\t<div class=\"icon-box featured-box icon-box-center text-center is-small\"  >\n\t\t\t\t<div class=\"icon-box-text last-reset\">\n\t\t\t\t\t\t\t\t\t\n\n<div class=\"row row-large\"  id=\"row-1957832467\">\n\n\n\t<div id=\"col-237061414\" class=\"col small-12 large-12 medium-col-first\"  >\n\t\t\t\t<div class=\"col-inner text-center dark\"  >\n\t\t\t\n\t\t\t\n\n\t<div id=\"text-2417252854\" class=\"text\">\n\t\t\n\n<h2 class=\"uppercase\">Fysiurgisk massage<\/h2>\n\t\t\n<style>\n#text-2417252854 {\n  line-height: 2;\n  text-align: center;\n}\n<\/style>\n\t<\/div>\n\t\n\n\t\t<\/div>\n\t\t\t\t\n<style>\n#col-237061414 > .col-inner {\n  padding: 20px 20px 20px 20px;\n}\n@media (min-width:550px) {\n  #col-237061414 > .col-inner {\n    padding: 40px 20px 40px 20px;\n  }\n}\n<\/style>\n\t<\/div>\n\n\t\n\n\n<style>\n#row-1957832467 > .col > .col-inner {\n  background-color: #87371f;\n}\n<\/style>\n<\/div>\n\t<div id=\"text-1515560836\" class=\"text\">\n\t\t\n\n<p>Fysiurgisk massage lindrer muskelsmerter, l\u00f8sner sp\u00e6ndinger og forbedrer blodcirkulationen. En effektiv behandling for \u00f8get bev\u00e6gelighed og hurtigere restitution.<br \/>&nbsp;<\/p>\n\t\t\n<style>\n#text-1515560836 {\n  font-size: 0.9rem;\n  text-align: center;\n}\n@media (min-width:550px) {\n  #text-1515560836 {\n    font-size: 1rem;\n  }\n}\n<\/style>\n\t<\/div>\n\t\n<a href=\"\/?page_id=2687\" class=\"button primary balign\"  >\n\t\t<span>L\u00e6s mere<\/span>\n\t<\/a>\n\n\n\n\t\t<\/div>\n\t<\/div>\n\t\n\t\n\n\t\t<\/div>\n\t\t\t\t\t<\/div>\n\n\t\n\n\t<div id=\"col-1794188504\" class=\"col medium-3 small-6 large-3\"  >\n\t\t\t\t<div class=\"col-inner\"  >\n\t\t\t\n\t\t\t\n\n\n\t\t<div class=\"icon-box featured-box icon-box-center text-center is-small\"  >\n\t\t\t\t<div class=\"icon-box-text last-reset\">\n\t\t\t\t\t\t\t\t\t\n\n<div class=\"row row-small\"  id=\"row-770155061\">\n\n\n\t<div id=\"col-1215278368\" class=\"col small-12 large-12 medium-col-first\"  >\n\t\t\t\t<div class=\"col-inner text-center dark\"  >\n\t\t\t\n\t\t\t\n\n\t<div id=\"text-3174891020\" class=\"text\">\n\t\t\n\n<h2 class=\"uppercase\">h\u00e6velse<br \/>\n&#038; \u00f8dem<\/h2>\n\t\t\n<style>\n#text-3174891020 {\n  line-height: 2;\n  text-align: center;\n}\n<\/style>\n\t<\/div>\n\t\n\n\t\t<\/div>\n\t\t\t\t\n<style>\n#col-1215278368 > .col-inner {\n  padding: 20px 20px 20px 20px;\n  margin: 0px 0px 10px 0px;\n}\n@media (min-width:550px) {\n  #col-1215278368 > .col-inner {\n    padding: 40px 20px 40px 20px;\n  }\n}\n<\/style>\n\t<\/div>\n\n\t\n\n\n<style>\n#row-770155061 > .col > .col-inner {\n  background-color: #87371f;\n}\n<\/style>\n<\/div>\n\t<div id=\"text-2964810650\" class=\"text\">\n\t\t\n\n<p>Lider du af h\u00e6velser, for eksempel i arme eller ben? <br \/>Behandlingen reducerer h\u00e6vede omr\u00e5der, lindrer sp\u00e6ndinger og fremmer kroppens naturlige udrensning.<\/br>\u00a0&nbsp;<\/p>\n\t\t\n<style>\n#text-2964810650 {\n  font-size: 0.9rem;\n  text-align: center;\n}\n@media (min-width:550px) {\n  #text-2964810650 {\n    font-size: 1rem;\n  }\n}\n<\/style>\n\t<\/div>\n\t\n<a href=\"\/?page_id=2506\" class=\"button primary balign\"  >\n\t\t<span>L\u00e6s mere<\/span>\n\t<\/a>\n\n\n\n\t\t<\/div>\n\t<\/div>\n\t\n\t\n\n\t\t<\/div>\n\t\t\t\t\t<\/div>\n\n\t\n\n\t<div id=\"col-1916995693\" class=\"col medium-3 small-6 large-3\"  >\n\t\t\t\t<div class=\"col-inner\"  >\n\t\t\t\n\t\t\t\n\n\n\t\t<div class=\"icon-box featured-box icon-box-center text-center is-small\"  >\n\t\t\t\t<div class=\"icon-box-text last-reset\">\n\t\t\t\t\t\t\t\t\t\n\n<div class=\"row row-large\"  id=\"row-1160694432\">\n\n\n\t<div id=\"col-1632536911\" class=\"col small-12 large-12 medium-col-first\"  >\n\t\t\t\t<div class=\"col-inner text-center dark\"  >\n\t\t\t\n\t\t\t\n\n\t<div id=\"text-3638346442\" class=\"text\">\n\t\t\n\n<h2 class=\"uppercase\">cupping<\/p>\n<p>terapi<\/h2>\n\t\t\n<style>\n#text-3638346442 {\n  line-height: 2;\n  text-align: center;\n}\n<\/style>\n\t<\/div>\n\t\n\n\t\t<\/div>\n\t\t\t\t\n<style>\n#col-1632536911 > .col-inner {\n  padding: 20px 20px 20px 20px;\n}\n@media (min-width:550px) {\n  #col-1632536911 > .col-inner {\n    padding: 40px 20px 40px 20px;\n  }\n}\n<\/style>\n\t<\/div>\n\n\t\n\n\n<style>\n#row-1160694432 > .col > .col-inner {\n  background-color: #87371f;\n}\n<\/style>\n<\/div>\n\t<div id=\"text-1332463015\" class=\"text\">\n\t\t\n\n<p >Cupping reducerer muskelsmerter, \u00f8ger blodgennemstr\u00f8mning og hj\u00e6lper med at fjerne affaldsstoffer. En effektiv behandling til dyb sp\u00e6ndingsl\u00f8sning.<br \/>&nbsp;<\/p>\n\t\t\n<style>\n#text-1332463015 {\n  font-size: 0.9rem;\n  text-align: center;\n}\n@media (min-width:550px) {\n  #text-1332463015 {\n    font-size: 1rem;\n  }\n}\n<\/style>\n\t<\/div>\n\t\n<a href=\"\/?page_id=2160\" class=\"button primary balign\"  >\n\t\t<span>L\u00e6s mere<\/span>\n\t<\/a>\n\n\n\n\t\t<\/div>\n\t<\/div>\n\t\n\t\n\n\t\t<\/div>\n\t\t\t\t\t<\/div>\n\n\t\n\n<\/div>\n\n\t\t<\/div>\n\n\t\t\n<style>\n#section_2066677703 {\n  padding-top: 30px;\n  padding-bottom: 30px;\n}\n<\/style>\n\t<\/section>\n\t\n\n\t<section class=\"section\" id=\"section_1780200700\">\n\t\t<div class=\"section-bg fill\" >\n\t\t\t\t\t\t\t\t\t\n\t\t\t\n\n\t\t<\/div>\n\n\t\t\n\n\t\t<div class=\"section-content relative\">\n\t\t\t\n\n<div class=\"row row-small\"  id=\"row-1330872572\">\n\n\n\t<div id=\"col-247735560\" class=\"col medium-6 small-6 large-6\"  >\n\t\t\t\t<div class=\"col-inner text-center\"  >\n\t\t\t\n\t\t\t\n\n\n\t\t<div class=\"icon-box featured-box icon-box-center text-center is-small\"  >\n\t\t\t\t<div class=\"icon-box-text last-reset\">\n\t\t\t\t\t\t\t\t\t\n\n<div class=\"row row-small\"  id=\"row-572787090\">\n\n\n\t<div id=\"col-574062868\" class=\"col small-12 large-12 medium-col-first\"  >\n\t\t\t\t<div class=\"col-inner text-center dark\"  >\n\t\t\t\n\t\t\t\n\n\t<div id=\"text-250068991\" class=\"text\">\n\t\t\n\n<h2 class=\"uppercase\">manuel lymfedr\u00e6nage<\/h2>\n<p><h3>90 min.<\/h3>\n<\/p>\n\t\t\n<style>\n#text-250068991 {\n  line-height: 2;\n  text-align: center;\n}\n@media (min-width:550px) {\n  #text-250068991 {\n    text-align: center;\n  }\n}\n<\/style>\n\t<\/div>\n\t\n\n\t\t<\/div>\n\t\t\t\t\n<style>\n#col-574062868 > .col-inner {\n  padding: 20px 30px 10px 20px;\n  margin: -30px 0px 0px 0px;\n}\n@media (min-width:550px) {\n  #col-574062868 > .col-inner {\n    padding: 40px 20px 20px 20px;\n    margin: -30px 0px 0px 0px;\n  }\n}\n<\/style>\n\t<\/div>\n\n\t\n\n\n<style>\n#row-572787090 > .col > .col-inner {\n  background-color: #87371f;\n}\n<\/style>\n<\/div>\n\t<div id=\"text-765410007\" class=\"text\">\n\t\t\n\n<p>Blid og rytmisk lymfedr\u00e6nage, der reducerer h\u00e6velser, stimulerer lymfesystemet og mindsker f\u00f8lelsen af tunge eller tr\u00e6tte ben og arme. Ideel til v\u00e6skeophobning, sp\u00e6ndinger og tr\u00e6thed. Behandlingen fremmer restitution, blodcirkulation og kroppens naturlige balance.<br \/>&nbsp;<\/p>\n\t\t\n<style>\n#text-765410007 {\n  font-size: 0.9rem;\n  text-align: center;\n}\n@media (min-width:550px) {\n  #text-765410007 {\n    font-size: 1rem;\n  }\n}\n<\/style>\n\t<\/div>\n\t\n<a href=\"\/?page_id=2739\" class=\"button primary balign\"  >\n\t\t<span>L\u00e6s mere<\/span>\n\t<\/a>\n\n\n\n\t\t<\/div>\n\t<\/div>\n\t\n\t\n\n\t\t<\/div>\n\t\t\t\t\n<style>\n#col-247735560 > .col-inner {\n  padding: 0px 0px 0px 0px;\n  margin: 0px 0px 0px 0px;\n}\n<\/style>\n\t<\/div>\n\n\t\n\n\t<div id=\"col-536606327\" class=\"col medium-6 small-6 large-6\"  >\n\t\t\t\t<div class=\"col-inner text-center\"  >\n\t\t\t\n\t\t\t\n\n\n\t\t<div class=\"icon-box featured-box icon-box-center text-center is-small\"  >\n\t\t\t\t<div class=\"icon-box-text last-reset\">\n\t\t\t\t\t\t\t\t\t\n\n<div class=\"row row-small\"  id=\"row-1231394608\">\n\n\n\t<div id=\"col-298200409\" class=\"col small-12 large-12 medium-col-first\"  >\n\t\t\t\t<div class=\"col-inner text-center dark\"  >\n\t\t\t\n\t\t\t\n\n\t<div id=\"text-4258923698\" class=\"text hide-for-small\">\n\t\t\n\n<h2 class=\"uppercase\">kropsbehandling<\/h2>\n<p><h3>90 min.<\/h3>\n<\/p>\n\t\t\n<style>\n#text-4258923698 {\n  line-height: 2;\n  text-align: center;\n}\n<\/style>\n\t<\/div>\n\t\n\t<div id=\"text-776919710\" class=\"text show-for-medium\">\n\t\t\n\n<h2 class=\"uppercase\">krops-behandling<\/h2>\n<p><h3>90 min.<\/h3>\n<\/p>\n\t\t\n<style>\n#text-776919710 {\n  line-height: 2;\n  text-align: center;\n}\n<\/style>\n\t<\/div>\n\t\n\n\t\t<\/div>\n\t\t\t\t\n<style>\n#col-298200409 > .col-inner {\n  padding: 20px 20px 10px 20px;\n  margin: -30px 0px 0px 0px;\n}\n@media (min-width:550px) {\n  #col-298200409 > .col-inner {\n    padding: 40px 20px 20px 20px;\n    margin: -30px 0px 0px 0px;\n  }\n}\n<\/style>\n\t<\/div>\n\n\t\n\n\n<style>\n#row-1231394608 > .col > .col-inner {\n  background-color: #87371f;\n}\n<\/style>\n<\/div>\n\t<div id=\"text-2083592319\" class=\"text\">\n\t\t\n\n<p class=\"p1\">Oplev en afbalancerende 90-minutters kropsbehandling, der kombinerer klassisk massage, bindev\u00e6vsmassage, cupping, \u00f8reakupunktur og neuro muskelfunktionstest. L\u00f8sne sp\u00e6ndinger, forbedre din velv\u00e6re og genfind din balance \u2013 tilpasset dine behov.<br \/>&nbsp;<\/p>\n\t\t\n<style>\n#text-2083592319 {\n  font-size: 0.9rem;\n  text-align: center;\n}\n@media (min-width:550px) {\n  #text-2083592319 {\n    font-size: 1rem;\n  }\n}\n<\/style>\n\t<\/div>\n\t\n<a href=\"\/?page_id=2500\" class=\"button primary balign\"  >\n\t\t<span>L\u00e6s mere<\/span>\n\t<\/a>\n\n\n\n\t\t<\/div>\n\t<\/div>\n\t\n\t\n\n\t\t<\/div>\n\t\t\t\t\n<style>\n#col-536606327 > .col-inner {\n  padding: 0px 0px 0px 0px;\n  margin: 0px 0px 0px 0px;\n}\n<\/style>\n\t<\/div>\n\n\t\n\n<\/div>\n\n\t\t<\/div>\n\n\t\t\n<style>\n#section_1780200700 {\n  padding-top: 30px;\n  padding-bottom: 30px;\n}\n<\/style>\n\t<\/section>\n\t\n  <div class=\"banner-grid-wrapper\">\n  <div id=\"banner-grid-1832197734\" class=\"banner-grid row row-grid hidden row-collapse row-full-width\" data-packery-options=\"\">\n                      \n\n<div class=\"col grid-col large-2 grid-col-1\" ><div class=\"col-inner\">\n\n\n  <div class=\"banner has-hover\" id=\"banner-983713791\">\n          <div class=\"banner-inner fill\">\n        <div class=\"banner-bg fill\" >\n                                                \n\t<div class=\"is-border\"\n\t\tstyle=\"border-color:rgb(135, 55, 31);border-width:3px 3px 3px 3px;\">\n\t<\/div>\n                    <\/div>\n\t\t\n        <div class=\"banner-layers container\">\n            <div class=\"fill banner-link\"><\/div>            \n\n   <div id=\"text-box-1770429475\" class=\"text-box banner-layer x50 md-x50 lg-x50 y50 md-y50 lg-y50 res-text\">\n                                <div class=\"text-box-content text dark\">\n              \n              <div class=\"text-inner text-center\">\n                  \n\n\t<div id=\"text-2952750926\" class=\"text\">\n\t\t\n\n<h3 class=\"uppercase\"><strong>H\u00e6velser<\/strong><\/h3>\n\t\t\n<style>\n#text-2952750926 {\n  color: rgb(255,255,255);\n}\n#text-2952750926 > * {\n  color: rgb(255,255,255);\n}\n<\/style>\n\t<\/div>\n\t\n\n              <\/div>\n           <\/div>\n                            \n<style>\n#text-box-1770429475 {\n  width: 83%;\n}\n#text-box-1770429475 .text-box-content {\n  font-size: 100%;\n}\n<\/style>\n    <\/div>\n \n\n        <\/div>\n      <\/div>\n\n            \n<style>\n#banner-983713791 {\n  padding-top: 500px;\n  background-color: rgb(229, 152, 84);\n}\n<\/style>\n  <\/div>\n\n\n\n<\/div><\/div>\n<div class=\"col grid-col large-2 grid-col-1-4\" ><div class=\"col-inner\">\n\n\n<\/div><\/div>\n<div class=\"col grid-col large-2 grid-col-1-4\" ><div class=\"col-inner\">\n\n\n<\/div><\/div>\n<div class=\"col grid-col large-2 grid-col-1-4\" ><div class=\"col-inner\">\n\n\n<\/div><\/div>\n<div class=\"col grid-col large-2 grid-col-1-4\" ><div class=\"col-inner\">\n\n\n<\/div><\/div>\n<div class=\"col grid-col large-2 grid-col-1-4\" ><div class=\"col-inner\">\n\n\n<\/div><\/div>\n\n            <\/div>\n    <style>\n    #banner-grid-1832197734 .grid-col-1{height: 94px}\n    #banner-grid-1832197734 .grid-col-1-2{height: 47px}\n    #banner-grid-1832197734 .grid-col-1-3{height:31.333333333333px}\n    #banner-grid-1832197734 .grid-col-2-3{height: 62.666666666667px}\n    #banner-grid-1832197734 .grid-col-1-4{height: 23.5px}\n    #banner-grid-1832197734 .grid-col-3-4{height: 70.5px}\n\n\n    \n    \n\n  <\/style>\n    <\/div>\n  \n\n\n\n","protected":false},"excerpt":{"rendered":"","protected":false},"author":5,"featured_media":0,"parent":0,"menu_order":0,"comment_status":"closed","ping_status":"closed","template":"page-blank.php","meta":{"footnotes":""},"class_list":["post-2149","page","type-page","status-publish","hentry"],"_links":{"self":[{"href":"https:\/\/mmm.massageimaalov.dk\/index.php?rest_route=\/wp\/v2\/pages\/2149","targetHints":{"allow":["GET"]}}],"collection":[{"href":"https:\/\/mmm.massageimaalov.dk\/index.php?rest_route=\/wp\/v2\/pages"}],"about":[{"href":"https:\/\/mmm.massageimaalov.dk\/index.php?rest_route=\/wp\/v2\/types\/page"}],"author":[{"embeddable":true,"href":"https:\/\/mmm.massageimaalov.dk\/index.php?rest_route=\/wp\/v2\/users\/5"}],"replies":[{"embeddable":true,"href":"https:\/\/mmm.massageimaalov.dk\/index.php?rest_route=%2Fwp%2Fv2%2Fcomments&post=2149"}],"version-history":[{"count":96,"href":"https:\/\/mmm.massageimaalov.dk\/index.php?rest_route=\/wp\/v2\/pages\/2149\/revisions"}],"predecessor-version":[{"id":2840,"href":"https:\/\/mmm.massageimaalov.dk\/index.php?rest_route=\/wp\/v2\/pages\/2149\/revisions\/2840"}],"wp:attachment":[{"href":"https:\/\/mmm.massageimaalov.dk\/index.php?rest_route=%2Fwp%2Fv2%2Fmedia&parent=2149"}],"curies":[{"name":"wp","href":"https:\/\/api.w.org\/{rel}","templated":true}]}}