{"id":2147,"date":"2024-12-08T11:52:25","date_gmt":"2024-12-08T11:52:25","guid":{"rendered":"https:\/\/mmm.massageimaalov.dk\/?page_id=2147"},"modified":"2025-03-16T18:59:11","modified_gmt":"2025-03-16T18:59:11","slug":"andre-behandlinger","status":"publish","type":"page","link":"https:\/\/mmm.massageimaalov.dk\/?page_id=2147","title":{"rendered":"Andre behandlinger"},"content":{"rendered":"\n\n  <div class=\"banner has-hover\" id=\"banner-1359641673\">\n          <div class=\"banner-inner fill\">\n        <div class=\"banner-bg fill\" >\n                                                \n                    <\/div>\n\t\t\n        <div class=\"banner-layers container\">\n            <div class=\"fill banner-link\"><\/div>            \n\n   <div id=\"text-box-77359771\" class=\"text-box banner-layer x50 md-x50 lg-x50 y50 md-y50 lg-y50 res-text\">\n                                <div class=\"text-box-content text dark\">\n              \n              <div class=\"text-inner text-center\">\n                  \n\n\t<div id=\"text-2903359363\" class=\"text\">\n\t\t\n\n<h4 class=\"uppercase\"><strong>andre behandlinger<\/strong><\/h1>\n\t\t\n<style>\n#text-2903359363 {\n  font-size: 1.5rem;\n}\n<\/style>\n\t<\/div>\n\t\n\t<div id=\"text-4040108727\" class=\"text\">\n\t\t\n\n<p>Jeg tilbyder ogs\u00e5 behandlinger som Massagegun og Nerverefleksologi, som kan hj\u00e6lpe med at lindre smerte, reducere sp\u00e6ndinger og fremme heling. Disse behandlinger er tilpasset dine behov og st\u00f8tter din genopretning p\u00e5 bedst mulige m\u00e5de..<\/p>\n\t\t\n<style>\n#text-4040108727 {\n  font-size: 0.9rem;\n}\n<\/style>\n\t<\/div>\n\t\n\n              <\/div>\n           <\/div>\n                            \n<style>\n#text-box-77359771 {\n  width: 84%;\n}\n#text-box-77359771 .text-box-content {\n  font-size: 100%;\n}\n<\/style>\n    <\/div>\n \n\n        <\/div>\n      <\/div>\n\n            \n<style>\n#banner-1359641673 {\n  padding-top: 300px;\n}\n<\/style>\n  <\/div>\n\n\n\n\t<section class=\"section\" id=\"section_955630539\">\n\t\t<div class=\"section-bg fill\" >\n\t\t\t\t\t\t\t\t\t\n\t\t\t\n\n\t\t<\/div>\n\n\t\t\n\n\t\t<div class=\"section-content relative\">\n\t\t\t\n\n<div class=\"row row-full-width\"  id=\"row-2107921208\">\n\n\n\t<div id=\"col-1939343229\" class=\"col hide-for-small medium-1 small-12 large-1\"  >\n\t\t\t\t<div class=\"col-inner\"  >\n\t\t\t\n\t\t\t\n\n\n\t\t<\/div>\n\t\t\t\t\t<\/div>\n\n\t\n\n\t<div id=\"col-257411619\" class=\"col medium-10 small-12 large-10\"  >\n\t\t\t\t<div class=\"col-inner\" style=\"background-color:rgb(255,255,255);\" >\n\t\t\t\n\t\t\t\n\n<div class=\"row row-full-width\"  id=\"row-1252770627\">\n\n\n\t<div id=\"col-1808646162\" class=\"col medium-3 small-12 large-3\"  >\n\t\t\t\t<div class=\"col-inner\"  >\n\t\t\t\n\t\t\t\n\n\t<div class=\"img has-hover x md-x lg-x y md-y lg-y\" id=\"image_1698757701\">\n\t\t\t\t\t\t\t\t<div class=\"img-inner dark\" style=\"margin:41px 0px 0px 10px;\">\n\t\t\t<img loading=\"lazy\" decoding=\"async\" width=\"300\" height=\"200\" src=\"https:\/\/mmm.massageimaalov.dk\/wp-content\/uploads\/2025\/03\/massagegun-300x200-1.png\" class=\"attachment-original size-original\" alt=\"\" srcset=\"https:\/\/mmm.massageimaalov.dk\/wp-content\/uploads\/2025\/03\/massagegun-300x200-1.png 300w, https:\/\/mmm.massageimaalov.dk\/wp-content\/uploads\/2025\/03\/massagegun-300x200-1-272x182.png 272w\" sizes=\"auto, (max-width: 300px) 100vw, 300px\" \/>\t\t\t\t\t\t\n\t\t\t\t\t<\/div>\n\t\t\t\t\t\t\t\t\n<style>\n#image_1698757701 {\n  width: 100%;\n}\n<\/style>\n\t<\/div>\n\t\n\n\n\t\t<\/div>\n\t\t\t\t\n<style>\n#col-1808646162 > .col-inner {\n  margin: 0px 0px 0px 9px;\n}\n<\/style>\n\t<\/div>\n\n\t\n\n\t<div id=\"col-534128141\" class=\"col medium-9 small-12 large-9\"  >\n\t\t\t\t<div class=\"col-inner\"  >\n\t\t\t\n\t\t\t\n\n<p><h3>Massagegun<\/h3>\n<p>\nIdeel til at l\u00f8sne stramme muskler og afhj\u00e6lpe \u00f8mhed, is\u00e6r efter fysisk aktivitet. Massagegunnen fungerer ved at levere hurtige, gentagne slag til specifikke omr\u00e5der af kroppen, hvilket effektivt m\u00e5lretter triggerpunkter og knuder, som ofte kan v\u00e6re sv\u00e6re at n\u00e5 med almindelig massage.<br \/>\nDen er et fremragende v\u00e6rkt\u00f8j til muskelrestitution, da den hj\u00e6lper med at fjerne m\u00e6lkesyre fra musklerne og forkorte tiden, det tager at komme sig efter tr\u00e6ning. Dermed bidrager den til en hurtigere og mere effektiv genopretning af kroppen.<\/p>\n\n\t\t<\/div>\n\t\t\t\t\n<style>\n#col-534128141 > .col-inner {\n  margin: 0px 0px 0px 17px;\n}\n<\/style>\n\t<\/div>\n\n\t\n\n\n<style>\n#row-1252770627 > .col > .col-inner {\n  padding: 25px 0px 0px 0px;\n}\n<\/style>\n<\/div>\n<div class=\"row row-full-width\"  id=\"row-205718526\">\n\n\n\t<div id=\"col-1246566243\" class=\"col medium-3 small-12 large-3\"  >\n\t\t\t\t<div class=\"col-inner\"  >\n\t\t\t\n\t\t\t\n\n\t<div class=\"img has-hover x md-x lg-x y md-y lg-y\" id=\"image_1102238133\">\n\t\t\t\t\t\t\t\t<div class=\"img-inner dark\" style=\"margin:41px 0px 0px 10px;\">\n\t\t\t<img loading=\"lazy\" decoding=\"async\" width=\"300\" height=\"200\" src=\"https:\/\/mmm.massageimaalov.dk\/wp-content\/uploads\/2025\/03\/nr-300x200-1.png\" class=\"attachment-large size-large\" alt=\"\" srcset=\"https:\/\/mmm.massageimaalov.dk\/wp-content\/uploads\/2025\/03\/nr-300x200-1.png 300w, https:\/\/mmm.massageimaalov.dk\/wp-content\/uploads\/2025\/03\/nr-300x200-1-272x182.png 272w\" sizes=\"auto, (max-width: 300px) 100vw, 300px\" \/>\t\t\t\t\t\t\n\t\t\t\t\t<\/div>\n\t\t\t\t\t\t\t\t\n<style>\n#image_1102238133 {\n  width: 100%;\n}\n<\/style>\n\t<\/div>\n\t\n\n\n\t\t<\/div>\n\t\t\t\t\n<style>\n#col-1246566243 > .col-inner {\n  margin: 0px 0px 0px 9px;\n}\n<\/style>\n\t<\/div>\n\n\t\n\n\t<div id=\"col-191530022\" class=\"col medium-9 small-12 large-9\"  >\n\t\t\t\t<div class=\"col-inner\"  >\n\t\t\t\n\t\t\t\n\n<h3>Nerverefleksologi<\/h3>\n<p>Nerverefleksologi er en specialiseret form for refleksologi, der fokuserer p\u00e5 nervesystemet. I stedet for at arbejde med kroppens organer og generelle zoner, som i traditionel zoneterapi, m\u00e5lretter nerverefleksologi specifikke reflekspunkter p\u00e5 f\u00f8dderne, der er direkte forbundet med nerver i kroppen.<\/p>\n<h4>Hvordan virker nerverefleksologi?<\/h4>\n<p>Terapeuten anvender tryk p\u00e5 s\u00e6rlige punkter p\u00e5 f\u00f8dderne, som korresponderer med bestemte nerver i kroppen. Disse tryk stimulerer nervesystemet og kan:<\/p>\n<ul>\n<li>Lindre smerte<\/li>\n<li>Forbedre nervefunktion<\/li>\n<li>Fremme heling og genopretning<\/li>\n<\/ul>\n<p>I mods\u00e6tning til traditionel refleksologi er trykket ofte mere pr\u00e6cist og m\u00e5lrettet. Behandlingen kan v\u00e6re gavnlig for en r\u00e6kke lidelser, s\u00e5som:<\/p>\n<ul>\n<li>Kroniske smerter<\/li>\n<li>Neurologiske problemer (som nervesmerter og skader)<\/li>\n<li>Stressrelaterede tilstande<\/li>\n<\/ul>\n<h4>Fordele ved nerverefleksologi<\/h4>\n<ul>\n<li>Smertereduktion: Behandlingen kan hj\u00e6lpe med at lindre b\u00e5de akutte og kroniske smerter, is\u00e6r ved lidelser i bev\u00e6geapparatet.<\/li>\n<li>Nervefunktion: Stimulationen af reflekspunkterne kan st\u00f8tte nervesystemets evne til at regenerere og fungere optimalt<\/li>\n<li>Afbalancering af kroppen: Ved at arbejde med nervesystemet underst\u00f8tter nerverefleksologi kroppens naturlige balance og heling.<\/li>\n<\/ul>\n<p>Det er en blid, men yderst effektiv terapiform, der kan tilpasses individuelle behov og bruges som en del af en helhedsorienteret behandling.<\/p>\n\n\t\t<\/div>\n\t\t\t\t\n<style>\n#col-191530022 > .col-inner {\n  margin: 0px 0px 0px 17px;\n}\n<\/style>\n\t<\/div>\n\n\t\n\n<\/div>\n<div class=\"row row-full-width\"  id=\"row-1117272502\">\n\n\n\t<div id=\"col-1737262621\" class=\"col medium-3 small-12 large-3\"  >\n\t\t\t\t<div class=\"col-inner\"  >\n\t\t\t\n\t\t\t\n\n\t<div class=\"img has-hover x md-x lg-x y md-y lg-y\" id=\"image_1006331752\">\n\t\t\t\t\t\t\t\t<div class=\"img-inner dark\" style=\"margin:41px 0px 0px 10px;\">\n\t\t\t<img loading=\"lazy\" decoding=\"async\" width=\"300\" height=\"200\" src=\"https:\/\/mmm.massageimaalov.dk\/wp-content\/uploads\/2025\/03\/oedemer-300x200-1.png\" class=\"attachment-large size-large\" alt=\"\" srcset=\"https:\/\/mmm.massageimaalov.dk\/wp-content\/uploads\/2025\/03\/oedemer-300x200-1.png 300w, https:\/\/mmm.massageimaalov.dk\/wp-content\/uploads\/2025\/03\/oedemer-300x200-1-272x182.png 272w\" sizes=\"auto, (max-width: 300px) 100vw, 300px\" \/>\t\t\t\t\t\t\n\t\t\t\t\t<\/div>\n\t\t\t\t\t\t\t\t\n<style>\n#image_1006331752 {\n  width: 100%;\n}\n<\/style>\n\t<\/div>\n\t\n\n\n\t\t<\/div>\n\t\t\t\t\n<style>\n#col-1737262621 > .col-inner {\n  margin: 0px 0px 0px 10px;\n}\n<\/style>\n\t<\/div>\n\n\t\n\n\t<div id=\"col-1156232730\" class=\"col medium-9 small-12 large-9\"  >\n\t\t\t\t<div class=\"col-inner\"  >\n\t\t\t\n\t\t\t\n\n<p><h3> H\u00e6velser og \u00f8demer <\/h3>\n<p>\nH\u00e6velser og \u00f8demer opst\u00e5r, n\u00e5r overskydende v\u00e6ske ophober sig i kroppens v\u00e6v. Det kan forekomme i mange dele af kroppen, men ses ofte i ben, f\u00f8dder, h\u00e6nder eller ansigt. \u00c5rsagerne kan variere fra noget s\u00e5 simpelt som at st\u00e5 oprejst i l\u00e6ngere tid, til mere komplekse forhold som skader, kredsl\u00f8bsproblemer, lymf\u00f8dem eller inflammation.<br \/>Jeg anvender blid massage, is\u00e6r lymfedr\u00e6nage, som en effektiv metode til at reducere h\u00e6velser og \u00f8demer. Ved at bruge specifikke teknikker med lette, rytmiske bev\u00e6gelser stimulerer jeg lymfesystemet, hvilket hj\u00e6lper kroppen med at transportere overskydende v\u00e6ske v\u00e6k fra de ber\u00f8rte omr\u00e5der.<br \/>\nMassage reducerer ikke blot h\u00e6velse, men kan ogs\u00e5 lindre sp\u00e6ndinger og \u00f8mhed i de ber\u00f8rte omr\u00e5der, hvilket kan give dig en st\u00f8rre f\u00f8lelse af velv\u00e6re og lettelse.<\/p>\n\n\t\t<\/div>\n\t\t\t\t\n<style>\n#col-1156232730 > .col-inner {\n  margin: 0px 0px 0px 17px;\n}\n<\/style>\n\t<\/div>\n\n\t\n\n<\/div>\n<div class=\"row row-full-width\"  id=\"row-1694361397\">\n\n\n\t<div id=\"col-1228783776\" class=\"col medium-3 small-12 large-3\"  >\n\t\t\t\t<div class=\"col-inner\"  >\n\t\t\t\n\t\t\t\n\n\t<div class=\"img has-hover x md-x lg-x y md-y lg-y\" id=\"image_557240077\">\n\t\t\t\t\t\t\t\t<div class=\"img-inner dark\" style=\"margin:41px 0px 0px 10px;\">\n\t\t\t<img loading=\"lazy\" decoding=\"async\" width=\"600\" height=\"400\" src=\"https:\/\/mmm.massageimaalov.dk\/wp-content\/uploads\/2025\/03\/gravid-massage.jpg\" class=\"attachment-large size-large\" alt=\"\" srcset=\"https:\/\/mmm.massageimaalov.dk\/wp-content\/uploads\/2025\/03\/gravid-massage.jpg 600w, https:\/\/mmm.massageimaalov.dk\/wp-content\/uploads\/2025\/03\/gravid-massage-300x200.jpg 300w, https:\/\/mmm.massageimaalov.dk\/wp-content\/uploads\/2025\/03\/gravid-massage-272x182.jpg 272w\" sizes=\"auto, (max-width: 600px) 100vw, 600px\" \/>\t\t\t\t\t\t\n\t\t\t\t\t<\/div>\n\t\t\t\t\t\t\t\t\n<style>\n#image_557240077 {\n  width: 100%;\n}\n<\/style>\n\t<\/div>\n\t\n\n\n\t\t<\/div>\n\t\t\t\t\n<style>\n#col-1228783776 > .col-inner {\n  margin: 0px 0px 0px 10px;\n}\n<\/style>\n\t<\/div>\n\n\t\n\n\t<div id=\"col-1260739505\" class=\"col medium-9 small-12 large-9\"  >\n\t\t\t\t<div class=\"col-inner\"  >\n\t\t\t\n\t\t\t\n\n<h3>Gravidmassage \u2013 Afslapning og Lindring af Sp\u00e6ndinger<\/h3>\n<p>Graviditeten er en smuk, men ogs\u00e5 kr\u00e6vende tid for kroppen. Mange kvinder oplever sp\u00e6ndinger, ubehag og h\u00e6velser, is\u00e6r i ryg, hofter og ben, som f\u00f8lge af de hormonelle forandringer og den ekstra belastning p\u00e5 kroppen. Gravidmassage er en sk\u00e5nsom og effektiv behandling, der hj\u00e6lper med at lindre disse symptomer og \u00f8ge velv\u00e6re under graviditeten.<br \/>Jeg anvender blide og m\u00e5lrettede teknikker, der tager hensyn til din krops s\u00e6rlige behov under graviditeten. Massagen hj\u00e6lper med at reducere muskelsp\u00e6ndinger, afhj\u00e6lpe rygsmerter og forbedre blodcirkulationen, samtidig med at den skaber en dyb f\u00f8lelse af afslapning.<br \/>Under behandlingen ligger du behageligt p\u00e5 en speciel gravidpude, der giver plads til maven, s\u00e5 du kan ligge p\u00e5 maven og f\u00e5 den bedst mulige st\u00f8tte. Denne position sikrer, at du er afslappet og tryg under hele massagen, samtidig med at kroppen f\u00e5r den lindring, den beh\u00f8ver.<\/p>\n<p><strong>Gravidmassage anvendes til at:\u2028<\/strong><\/p>\n<p>\u2714 Lindre sp\u00e6ndinger i ryg, hofter og ben\u2028<br \/>\u2714 Reducere h\u00e6velser og forbedre blodcirkulationen\u2028<br \/>\u2714 Afhj\u00e6lpe muskel\u00f8mhed og \u00f8mhed\u2028<br \/>\u2714 Forbedre s\u00f8vnkvaliteten og reducere stress\u2028<br \/>\u2714 Skabe en f\u00f8lelse af afslapning og velv\u00e6re<\/p>\n<p>Massagen tilpasses dine individuelle behov og fokuserer p\u00e5 de omr\u00e5der, der typisk bliver belastet under graviditeten. Denne behandling er ideel for gravide, der \u00f8nsker at fremme deres velv\u00e6re og mindske ubehag under graviditeten.<\/p>\n\n\t\t<\/div>\n\t\t\t\t\n<style>\n#col-1260739505 > .col-inner {\n  margin: 0px 0px 0px 17px;\n}\n<\/style>\n\t<\/div>\n\n\t\n\n<\/div>\n<div class=\"row row-full-width\"  id=\"row-2087141635\">\n\n\n\t<div id=\"col-1101111421\" class=\"col medium-3 small-12 large-3\"  >\n\t\t\t\t<div class=\"col-inner\"  >\n\t\t\t\n\t\t\t\n\n\t<div class=\"img has-hover x md-x lg-x y md-y lg-y\" id=\"image_1989382110\">\n\t\t\t\t\t\t\t\t<div class=\"img-inner dark\" style=\"margin:41px 0px 0px 10px;\">\n\t\t\t<img loading=\"lazy\" decoding=\"async\" width=\"600\" height=\"400\" src=\"https:\/\/mmm.massageimaalov.dk\/wp-content\/uploads\/2025\/03\/kombimassage.jpg\" class=\"attachment-large size-large\" alt=\"\" srcset=\"https:\/\/mmm.massageimaalov.dk\/wp-content\/uploads\/2025\/03\/kombimassage.jpg 600w, https:\/\/mmm.massageimaalov.dk\/wp-content\/uploads\/2025\/03\/kombimassage-300x200.jpg 300w, https:\/\/mmm.massageimaalov.dk\/wp-content\/uploads\/2025\/03\/kombimassage-272x182.jpg 272w\" sizes=\"auto, (max-width: 600px) 100vw, 600px\" \/>\t\t\t\t\t\t\n\t\t\t\t\t<\/div>\n\t\t\t\t\t\t\t\t\n<style>\n#image_1989382110 {\n  width: 100%;\n}\n<\/style>\n\t<\/div>\n\t\n\n\n\t\t<\/div>\n\t\t\t\t\n<style>\n#col-1101111421 > .col-inner {\n  margin: 0px 0px 0px 10px;\n}\n<\/style>\n\t<\/div>\n\n\t\n\n\t<div id=\"col-1472501478\" class=\"col medium-9 small-12 large-9\"  >\n\t\t\t\t<div class=\"col-inner\"  >\n\t\t\t\n\t\t\t\n\n<h3>75 minutter Kombimassage \u2013 Effektiv behandling og dyb afslapning<\/h3>\n<p>Kombimassagen giver dig det bedste fra begge verdener. Behandlingen starter med 30 minutters terapeutisk massage, hvor vi fokuserer p\u00e5 at afhj\u00e6lpe muskelsp\u00e6ndinger, smerter eller andre specifikke problemomr\u00e5der i kroppen. Denne del af massagen er m\u00e5lrettet og intensiv for at lindre smerte og forbedre bev\u00e6gelighed.<br \/>Efter den terapeutiske del forts\u00e6tter vi med 45 minutters velv\u00e6re massage, der giver dig en afslappende og beroligende oplevelse. Her arbejdes med de \u00f8vrige omr\u00e5der af kroppen for at skabe balance, reducere stress og fremme en dyb f\u00f8lelse af velv\u00e6re og ro.<\/p>\n<p><strong>Kombimassagen anvendes til at:\u2028<\/strong><\/p>\n<p>\u2714 Lindre muskelsp\u00e6ndinger og smerter\u2028<br \/>\u2714 Afhj\u00e6lpe \u00f8mhed og forbedre mobilitet\u2028<br \/>\u2714 Reducere stress og fremme afslapning\u2028<br \/>\u2714 Forbedre blodcirkulationen og lindre tr\u00e6thed\u2028<br \/>\u2714 Skabe en f\u00f8lelse af harmoni og velv\u00e6re<\/p>\n<p>Kombimassagen er perfekt for dig, der har b\u00e5de fysiske smerter eller sp\u00e6ndinger, og som samtidig \u00f8nsker at opleve den afslapning, en velv\u00e6re massage giver. Behandlingen tilpasses dine individuelle behov og giver dig b\u00e5de terapeutisk lindring og en afslappende pause fra hverdagens stress.<\/p>\n\n\t\t<\/div>\n\t\t\t\t\n<style>\n#col-1472501478 > .col-inner {\n  margin: 0px 0px 0px 17px;\n}\n<\/style>\n\t<\/div>\n\n\t\n\n<\/div>\n\n\t\t<\/div>\n\t\t\t\t\t<\/div>\n\n\t\n\n\t<div id=\"col-1332102840\" class=\"col hide-for-small medium-1 small-12 large-1\"  >\n\t\t\t\t<div class=\"col-inner\"  >\n\t\t\t\n\t\t\t\n\n\n\t\t<\/div>\n\t\t\t\t\t<\/div>\n\n\t\n\n<\/div>\n\n\t\t<\/div>\n\n\t\t\n<style>\n#section_955630539 {\n  padding-top: 30px;\n  padding-bottom: 30px;\n}\n<\/style>\n\t<\/section>\n\t\n\n","protected":false},"excerpt":{"rendered":"","protected":false},"author":5,"featured_media":0,"parent":0,"menu_order":0,"comment_status":"closed","ping_status":"closed","template":"page-blank.php","meta":{"footnotes":""},"class_list":["post-2147","page","type-page","status-publish","hentry"],"_links":{"self":[{"href":"https:\/\/mmm.massageimaalov.dk\/index.php?rest_route=\/wp\/v2\/pages\/2147","targetHints":{"allow":["GET"]}}],"collection":[{"href":"https:\/\/mmm.massageimaalov.dk\/index.php?rest_route=\/wp\/v2\/pages"}],"about":[{"href":"https:\/\/mmm.massageimaalov.dk\/index.php?rest_route=\/wp\/v2\/types\/page"}],"author":[{"embeddable":true,"href":"https:\/\/mmm.massageimaalov.dk\/index.php?rest_route=\/wp\/v2\/users\/5"}],"replies":[{"embeddable":true,"href":"https:\/\/mmm.massageimaalov.dk\/index.php?rest_route=%2Fwp%2Fv2%2Fcomments&post=2147"}],"version-history":[{"count":18,"href":"https:\/\/mmm.massageimaalov.dk\/index.php?rest_route=\/wp\/v2\/pages\/2147\/revisions"}],"predecessor-version":[{"id":2837,"href":"https:\/\/mmm.massageimaalov.dk\/index.php?rest_route=\/wp\/v2\/pages\/2147\/revisions\/2837"}],"wp:attachment":[{"href":"https:\/\/mmm.massageimaalov.dk\/index.php?rest_route=%2Fwp%2Fv2%2Fmedia&parent=2147"}],"curies":[{"name":"wp","href":"https:\/\/api.w.org\/{rel}","templated":true}]}}